{"id":128,"date":"2023-12-01T18:19:04","date_gmt":"2023-12-01T17:19:04","guid":{"rendered":"https:\/\/automodelclubampuis.com\/?page_id=128"},"modified":"2023-12-02T17:16:57","modified_gmt":"2023-12-02T16:16:57","slug":"les-recors-de-la-piste","status":"publish","type":"page","link":"https:\/\/automodelclubampuis.com\/?page_id=128","title":{"rendered":"Les records de la piste"},"content":{"rendered":"\t\t<div data-elementor-type=\"wp-page\" data-elementor-id=\"128\" class=\"elementor elementor-128\">\n\t\t\t\t<div class=\"elementor-element elementor-element-3705cdc e-flex e-con-boxed e-con e-parent\" data-id=\"3705cdc\" data-element_type=\"container\" data-e-type=\"container\">\n\t\t\t\t\t<div class=\"e-con-inner\">\n\t\t\t\t<div class=\"elementor-element elementor-element-1511d82 elementor-widget elementor-widget-text-editor\" data-id=\"1511d82\" data-element_type=\"widget\" data-e-type=\"widget\" data-widget_type=\"text-editor.default\">\n\t\t\t\t<div class=\"elementor-widget-container\">\n\t\t\t\t\t\t\t\t\t<p style=\"margin-bottom: 26.6px; font-style: normal; font-variant-caps: normal; font-stretch: normal; font-size: 14px; line-height: normal; font-family: Avenir; font-size-adjust: none; font-kerning: auto; font-variant-alternates: normal; font-variant-ligatures: normal; font-variant-numeric: normal; font-variant-east-asian: normal; font-variant-position: normal; font-feature-settings: normal; font-optical-sizing: auto; font-variation-settings: normal; color: #202431;\"><strong>Ann\u00e9e 2022<\/strong><\/p>\t\t\t\t\t\t\t\t<\/div>\n\t\t\t\t<\/div>\n\t\t\t\t\t<\/div>\n\t\t\t\t<\/div>\n\t\t<div class=\"elementor-element elementor-element-f772be5 e-flex e-con-boxed e-con e-parent\" data-id=\"f772be5\" data-element_type=\"container\" data-e-type=\"container\">\n\t\t\t\t\t<div class=\"e-con-inner\">\n\t\t\t\t<div class=\"elementor-element elementor-element-d8a1045 elementor-widget elementor-widget-text-editor\" data-id=\"d8a1045\" data-element_type=\"widget\" data-e-type=\"widget\" data-widget_type=\"text-editor.default\">\n\t\t\t\t<div class=\"elementor-widget-container\">\n\t\t\t\t\t\t\t\t\t<p style=\"margin-bottom: 0px; margin-left: 36px; text-indent: -36px; font-style: normal; font-variant-caps: normal; font-stretch: normal; font-size: 14px; line-height: normal; font-family: Avenir; font-size-adjust: none; font-kerning: auto; font-variant-alternates: normal; font-variant-ligatures: normal; font-variant-numeric: normal; font-variant-east-asian: normal; font-variant-position: normal; font-feature-settings: normal; font-optical-sizing: auto; font-variation-settings: normal; color: #2a3140;\"><span style=\"font-kerning: none;\">Mars 2022 : <strong>Pascal Faivre<\/strong> a atteint un temps de <strong>14.19 secondes<\/strong> avec un v\u00e9hicule 1\/8\u00e8me \u00e9lectrique 4&#215;4, sans suspensions.<\/span><\/p><p style=\"margin-bottom: 0px; margin-left: 36px; text-indent: -36px; font-style: normal; font-variant-caps: normal; font-stretch: normal; font-size: 14px; line-height: normal; font-family: Avenir; font-size-adjust: none; font-kerning: auto; font-variant-alternates: normal; font-variant-ligatures: normal; font-variant-numeric: normal; font-variant-east-asian: normal; font-variant-position: normal; font-feature-settings: normal; font-optical-sizing: auto; font-variation-settings: normal; color: #2a3140;\"><span style=\"font-kerning: none;\">\u00a0<\/span><\/p><p style=\"margin-bottom: 0px; margin-left: 36px; text-indent: -36px; font-style: normal; font-variant-caps: normal; font-stretch: normal; font-size: 14px; line-height: normal; font-family: Avenir; font-size-adjust: none; font-kerning: auto; font-variant-alternates: normal; font-variant-ligatures: normal; font-variant-numeric: normal; font-variant-east-asian: normal; font-variant-position: normal; font-feature-settings: normal; font-optical-sizing: auto; font-variation-settings: normal; color: #2a3140;\"><span style=\"text-align: var(--text-align); letter-spacing: 0px;\">Octobre 2022 : <strong>Mickael Derderian<\/strong> a r\u00e9alis\u00e9 un temps de <strong>17.7 secondes<\/strong> avec une voiture 1\/10\u00e8me \u00e9lectrique 4&#215;4 de type DTM, \u00e9quip\u00e9e d&rsquo;un moteur 13.5T.<\/span><\/p>\t\t\t\t\t\t\t\t<\/div>\n\t\t\t\t<\/div>\n\t\t\t\t\t<\/div>\n\t\t\t\t<\/div>\n\t\t<div class=\"elementor-element elementor-element-b91ad9c e-flex e-con-boxed e-con e-parent\" data-id=\"b91ad9c\" data-element_type=\"container\" data-e-type=\"container\">\n\t\t\t\t\t<div class=\"e-con-inner\">\n\t\t\t\t<div class=\"elementor-element elementor-element-b6ac31f elementor-widget-divider--view-line elementor-widget elementor-widget-divider\" data-id=\"b6ac31f\" data-element_type=\"widget\" data-e-type=\"widget\" data-widget_type=\"divider.default\">\n\t\t\t\t<div class=\"elementor-widget-container\">\n\t\t\t\t\t\t\t<div class=\"elementor-divider\">\n\t\t\t<span class=\"elementor-divider-separator\">\n\t\t\t\t\t\t<\/span>\n\t\t<\/div>\n\t\t\t\t\t\t<\/div>\n\t\t\t\t<\/div>\n\t\t\t\t\t<\/div>\n\t\t\t\t<\/div>\n\t\t<div class=\"elementor-element elementor-element-13e17d5 e-flex e-con-boxed e-con e-parent\" data-id=\"13e17d5\" data-element_type=\"container\" data-e-type=\"container\">\n\t\t\t\t\t<div class=\"e-con-inner\">\n\t\t\t\t<div class=\"elementor-element elementor-element-87bb7b3 elementor-widget elementor-widget-text-editor\" data-id=\"87bb7b3\" data-element_type=\"widget\" data-e-type=\"widget\" data-widget_type=\"text-editor.default\">\n\t\t\t\t<div class=\"elementor-widget-container\">\n\t\t\t\t\t\t\t\t\t<p><strong style=\"caret-color: #202431; color: #202431; font-family: Avenir; font-size: 14px;\">Ann\u00e9e 2021<\/strong><\/p>\t\t\t\t\t\t\t\t<\/div>\n\t\t\t\t<\/div>\n\t\t\t\t\t<\/div>\n\t\t\t\t<\/div>\n\t\t<div class=\"elementor-element elementor-element-7d1b62d e-flex e-con-boxed e-con e-parent\" data-id=\"7d1b62d\" data-element_type=\"container\" data-e-type=\"container\">\n\t\t\t\t\t<div class=\"e-con-inner\">\n\t\t\t\t<div class=\"elementor-element elementor-element-b92fc36 elementor-widget elementor-widget-text-editor\" data-id=\"b92fc36\" data-element_type=\"widget\" data-e-type=\"widget\" data-widget_type=\"text-editor.default\">\n\t\t\t\t<div class=\"elementor-widget-container\">\n\t\t\t\t\t\t\t\t\t<p style=\"margin-bottom: 0px; margin-left: 36px; text-indent: -36px; font-style: normal; font-variant-caps: normal; font-stretch: normal; font-size: 14px; line-height: normal; font-family: Avenir; font-size-adjust: none; font-kerning: auto; font-variant-alternates: normal; font-variant-ligatures: normal; font-variant-numeric: normal; font-variant-east-asian: normal; font-variant-position: normal; font-feature-settings: normal; font-optical-sizing: auto; font-variation-settings: normal; color: #2a3140;\"><span style=\"font-kerning: none;\"><strong>Pierre Lahet<\/strong> a enregistr\u00e9 un temps de <strong>21.1 secondes<\/strong> avec une voiture 1\/10\u00e8me \u00e9lectrique 4&#215;2 de type Formule 1, \u00e9quip\u00e9e d&rsquo;un moteur 21.5T.<\/span><\/p>\t\t\t\t\t\t\t\t<\/div>\n\t\t\t\t<\/div>\n\t\t\t\t\t<\/div>\n\t\t\t\t<\/div>\n\t\t\t\t<\/div>\n\t\t","protected":false},"excerpt":{"rendered":"<p>Ann\u00e9e 2022 Mars 2022 : Pascal Faivre a atteint un temps de 14.19 secondes avec un v\u00e9hicule 1\/8\u00e8me \u00e9lectrique 4&#215;4, sans suspensions. \u00a0 Octobre 2022 : Mickael Derderian a r\u00e9alis\u00e9 un temps de 17.7 secondes avec une voiture 1\/10\u00e8me \u00e9lectrique 4&#215;4 de type DTM, \u00e9quip\u00e9e d&rsquo;un moteur 13.5T. Ann\u00e9e 2021 Pierre Lahet a enregistr\u00e9 un temps de 21.1 secondes avec une voiture 1\/10\u00e8me \u00e9lectrique 4&#215;2 de type Formule 1, \u00e9quip\u00e9e d&rsquo;un moteur 21.5T.<\/p>\n","protected":false},"author":1,"featured_media":0,"parent":0,"menu_order":0,"comment_status":"closed","ping_status":"closed","template":"","meta":{"footnotes":""},"class_list":["post-128","page","type-page","status-publish","hentry"],"jetpack_sharing_enabled":true,"_links":{"self":[{"href":"https:\/\/automodelclubampuis.com\/index.php?rest_route=\/wp\/v2\/pages\/128","targetHints":{"allow":["GET"]}}],"collection":[{"href":"https:\/\/automodelclubampuis.com\/index.php?rest_route=\/wp\/v2\/pages"}],"about":[{"href":"https:\/\/automodelclubampuis.com\/index.php?rest_route=\/wp\/v2\/types\/page"}],"author":[{"embeddable":true,"href":"https:\/\/automodelclubampuis.com\/index.php?rest_route=\/wp\/v2\/users\/1"}],"replies":[{"embeddable":true,"href":"https:\/\/automodelclubampuis.com\/index.php?rest_route=%2Fwp%2Fv2%2Fcomments&post=128"}],"version-history":[{"count":5,"href":"https:\/\/automodelclubampuis.com\/index.php?rest_route=\/wp\/v2\/pages\/128\/revisions"}],"predecessor-version":[{"id":166,"href":"https:\/\/automodelclubampuis.com\/index.php?rest_route=\/wp\/v2\/pages\/128\/revisions\/166"}],"wp:attachment":[{"href":"https:\/\/automodelclubampuis.com\/index.php?rest_route=%2Fwp%2Fv2%2Fmedia&parent=128"}],"curies":[{"name":"wp","href":"https:\/\/api.w.org\/{rel}","templated":true}]}}