{"id":186,"date":"2023-12-03T08:12:58","date_gmt":"2023-12-03T07:12:58","guid":{"rendered":"https:\/\/automodelclubampuis.com\/?page_id=186"},"modified":"2024-04-21T10:02:44","modified_gmt":"2024-04-21T08:02:44","slug":"la-vie-de-club","status":"publish","type":"page","link":"https:\/\/automodelclubampuis.com\/?page_id=186","title":{"rendered":"2023"},"content":{"rendered":"\t\t<div data-elementor-type=\"wp-page\" data-elementor-id=\"186\" class=\"elementor elementor-186\">\n\t\t\t\t<div class=\"elementor-element elementor-element-fa5668f e-flex e-con-boxed e-con e-parent\" data-id=\"fa5668f\" data-element_type=\"container\" data-e-type=\"container\">\n\t\t\t\t\t<div class=\"e-con-inner\">\n\t\t\t\t<div class=\"elementor-element elementor-element-482d06d elementor-widget elementor-widget-text-editor\" data-id=\"482d06d\" data-element_type=\"widget\" data-e-type=\"widget\" data-widget_type=\"text-editor.default\">\n\t\t\t\t<div class=\"elementor-widget-container\">\n\t\t\t\t\t\t\t\t\t<p class=\"p1\" style=\"margin-bottom: 0px; font-variant-numeric: normal; font-variant-east-asian: normal; font-variant-alternates: normal; font-kerning: auto; font-optical-sizing: auto; font-feature-settings: normal; font-variation-settings: normal; font-variant-position: normal; font-stretch: normal; font-size: 20px; line-height: normal; font-family: Avenir; color: #2a3140;\"><strong><span class=\"s1\" style=\"font-kerning: none;\">Les \u00e9v\u00e9nements de l&rsquo;ann\u00e9e 2023<\/span><\/strong><\/p>\t\t\t\t\t\t\t\t<\/div>\n\t\t\t\t<\/div>\n\t\t\t\t\t<\/div>\n\t\t\t\t<\/div>\n\t\t<div class=\"elementor-element elementor-element-9fd4f5d e-flex e-con-boxed e-con e-parent\" data-id=\"9fd4f5d\" data-element_type=\"container\" data-e-type=\"container\">\n\t\t\t\t\t<div class=\"e-con-inner\">\n\t\t\t\t<div class=\"elementor-element elementor-element-25ec477 elementor-widget elementor-widget-text-editor\" data-id=\"25ec477\" data-element_type=\"widget\" data-e-type=\"widget\" data-widget_type=\"text-editor.default\">\n\t\t\t\t<div class=\"elementor-widget-container\">\n\t\t\t\t\t\t\t\t\t<p class=\"p1\" style=\"margin-bottom: 4px; font-variant-numeric: normal; font-variant-east-asian: normal; font-variant-alternates: normal; font-kerning: auto; font-optical-sizing: auto; font-feature-settings: normal; font-variation-settings: normal; font-variant-position: normal; font-stretch: normal; font-size: 14px; line-height: normal; font-family: Avenir; color: #000000;\"><b>2 avril <\/b>&#8211; Championnat de r\u00e9gion AURA &#8211; cat\u00e9gories :<span class=\"Apple-converted-space\">\u00a0<\/span><\/p><p class=\"p1\" style=\"margin-bottom: 4px; font-variant-numeric: normal; font-variant-east-asian: normal; font-variant-alternates: normal; font-kerning: auto; font-optical-sizing: auto; font-feature-settings: normal; font-variation-settings: normal; font-variant-position: normal; font-stretch: normal; font-size: 14px; line-height: normal; font-family: Avenir; color: #000000;\"><span class=\"Apple-converted-space\">\u00a0<\/span><\/p><p class=\"p2\" style=\"margin-bottom: 0px; font-variant-numeric: normal; font-variant-east-asian: normal; font-variant-alternates: normal; font-kerning: auto; font-optical-sizing: auto; font-feature-settings: normal; font-variation-settings: normal; font-variant-position: normal; font-stretch: normal; font-size: 14px; line-height: normal; font-family: Avenir; color: #000000;\">1\/10\u00e8me thermique : 200mm<\/p><p class=\"p2\" style=\"margin-bottom: 0px; font-variant-numeric: normal; font-variant-east-asian: normal; font-variant-alternates: normal; font-kerning: auto; font-optical-sizing: auto; font-feature-settings: normal; font-variation-settings: normal; font-variant-position: normal; font-stretch: normal; font-size: 14px; line-height: normal; font-family: Avenir; color: #000000;\">1\/8\u00e8me thermique : 4&#215;4, 4x2_classique<\/p><p class=\"p2\" style=\"margin-bottom: 0px; font-variant-numeric: normal; font-variant-east-asian: normal; font-variant-alternates: normal; font-kerning: auto; font-optical-sizing: auto; font-feature-settings: normal; font-variation-settings: normal; font-variant-position: normal; font-stretch: normal; font-size: 14px; line-height: normal; font-family: Avenir; color: #000000;\">1\/5\u00e8me thermique: FormuleFrance, GT<\/p>\t\t\t\t\t\t\t\t<\/div>\n\t\t\t\t<\/div>\n\t\t\t\t\t<\/div>\n\t\t\t\t<\/div>\n\t\t<div class=\"elementor-element elementor-element-cbe0192 e-flex e-con-boxed e-con e-parent\" data-id=\"cbe0192\" data-element_type=\"container\" data-e-type=\"container\">\n\t\t\t\t\t<div class=\"e-con-inner\">\n\t\t<div class=\"elementor-element elementor-element-c4ac546 e-con-full e-flex e-con e-child\" data-id=\"c4ac546\" data-element_type=\"container\" data-e-type=\"container\">\n\t\t\t\t<div class=\"elementor-element elementor-element-8be36bd elementor-widget elementor-widget-image\" data-id=\"8be36bd\" data-element_type=\"widget\" data-e-type=\"widget\" data-widget_type=\"image.default\">\n\t\t\t\t<div class=\"elementor-widget-container\">\n\t\t\t\t\t\t\t\t\t\t\t\t\t\t\t\t<a href=\"https:\/\/automodelclubampuis.com\/wp-content\/uploads\/2023\/12\/podium1bis.jpeg\" data-elementor-open-lightbox=\"yes\" data-elementor-lightbox-title=\"podium1bis\" data-e-action-hash=\"#elementor-action%3Aaction%3Dlightbox%26settings%3DeyJpZCI6MTkxLCJ1cmwiOiJodHRwczpcL1wvYXV0b21vZGVsY2x1YmFtcHVpcy5jb21cL3dwLWNvbnRlbnRcL3VwbG9hZHNcLzIwMjNcLzEyXC9wb2RpdW0xYmlzLmpwZWcifQ%3D%3D\">\n\t\t\t\t\t\t\t<img fetchpriority=\"high\" decoding=\"async\" width=\"960\" height=\"720\" src=\"https:\/\/automodelclubampuis.com\/wp-content\/uploads\/2023\/12\/podium1bis-1024x768.jpeg\" class=\"attachment-large size-large wp-image-191\" alt=\"\" srcset=\"https:\/\/automodelclubampuis.com\/wp-content\/uploads\/2023\/12\/podium1bis-1024x768.jpeg 1024w, https:\/\/automodelclubampuis.com\/wp-content\/uploads\/2023\/12\/podium1bis-300x225.jpeg 300w, https:\/\/automodelclubampuis.com\/wp-content\/uploads\/2023\/12\/podium1bis-768x576.jpeg 768w, https:\/\/automodelclubampuis.com\/wp-content\/uploads\/2023\/12\/podium1bis-1536x1152.jpeg 1536w, https:\/\/automodelclubampuis.com\/wp-content\/uploads\/2023\/12\/podium1bis-1140x855.jpeg 1140w, https:\/\/automodelclubampuis.com\/wp-content\/uploads\/2023\/12\/podium1bis.jpeg 2016w\" sizes=\"(max-width: 960px) 100vw, 960px\" \/>\t\t\t\t\t\t\t\t<\/a>\n\t\t\t\t\t\t\t\t\t\t\t\t\t\t\t<\/div>\n\t\t\t\t<\/div>\n\t\t\t\t<\/div>\n\t\t<div class=\"elementor-element elementor-element-2816e64 e-con-full e-flex e-con e-child\" data-id=\"2816e64\" data-element_type=\"container\" data-e-type=\"container\">\n\t\t\t\t<div class=\"elementor-element elementor-element-84ae3df elementor-widget elementor-widget-image\" data-id=\"84ae3df\" data-element_type=\"widget\" data-e-type=\"widget\" data-widget_type=\"image.default\">\n\t\t\t\t<div class=\"elementor-widget-container\">\n\t\t\t\t\t\t\t\t\t\t\t\t\t\t\t\t<a href=\"https:\/\/automodelclubampuis.com\/wp-content\/uploads\/2023\/12\/podium2.jpeg\" data-elementor-open-lightbox=\"yes\" data-elementor-lightbox-title=\"podium2\" data-e-action-hash=\"#elementor-action%3Aaction%3Dlightbox%26settings%3DeyJpZCI6MTkwLCJ1cmwiOiJodHRwczpcL1wvYXV0b21vZGVsY2x1YmFtcHVpcy5jb21cL3dwLWNvbnRlbnRcL3VwbG9hZHNcLzIwMjNcLzEyXC9wb2RpdW0yLmpwZWcifQ%3D%3D\">\n\t\t\t\t\t\t\t<img decoding=\"async\" width=\"960\" height=\"720\" src=\"https:\/\/automodelclubampuis.com\/wp-content\/uploads\/2023\/12\/podium2-1024x768.jpeg\" class=\"attachment-large size-large wp-image-190\" alt=\"\" srcset=\"https:\/\/automodelclubampuis.com\/wp-content\/uploads\/2023\/12\/podium2-1024x768.jpeg 1024w, https:\/\/automodelclubampuis.com\/wp-content\/uploads\/2023\/12\/podium2-300x225.jpeg 300w, https:\/\/automodelclubampuis.com\/wp-content\/uploads\/2023\/12\/podium2-768x576.jpeg 768w, https:\/\/automodelclubampuis.com\/wp-content\/uploads\/2023\/12\/podium2-1536x1152.jpeg 1536w, https:\/\/automodelclubampuis.com\/wp-content\/uploads\/2023\/12\/podium2-1140x855.jpeg 1140w, https:\/\/automodelclubampuis.com\/wp-content\/uploads\/2023\/12\/podium2.jpeg 2016w\" sizes=\"(max-width: 960px) 100vw, 960px\" \/>\t\t\t\t\t\t\t\t<\/a>\n\t\t\t\t\t\t\t\t\t\t\t\t\t\t\t<\/div>\n\t\t\t\t<\/div>\n\t\t\t\t<\/div>\n\t\t<div class=\"elementor-element elementor-element-0ce5ffc e-con-full e-flex e-con e-child\" data-id=\"0ce5ffc\" data-element_type=\"container\" data-e-type=\"container\">\n\t\t\t\t<div class=\"elementor-element elementor-element-b19e255 elementor-align-center elementor-widget elementor-widget-button\" data-id=\"b19e255\" data-element_type=\"widget\" data-e-type=\"widget\" data-widget_type=\"button.default\">\n\t\t\t\t<div class=\"elementor-widget-container\">\n\t\t\t\t\t\t\t\t\t<div class=\"elementor-button-wrapper\">\n\t\t\t\t\t<a class=\"elementor-button elementor-button-link elementor-size-sm elementor-animation-skew-forward\" href=\"https:\/\/drive.google.com\/file\/d\/1ATwuGhhjxDMWpqRkj76WuIS4pNHZm2d_\/view?usp=share_link\" target=\"_blank\">\n\t\t\t\t\t\t<span class=\"elementor-button-content-wrapper\">\n\t\t\t\t\t\t\t\t\t<span class=\"elementor-button-text\">R\u00e9sultats des courses<\/span>\n\t\t\t\t\t<\/span>\n\t\t\t\t\t<\/a>\n\t\t\t\t<\/div>\n\t\t\t\t\t\t\t\t<\/div>\n\t\t\t\t<\/div>\n\t\t\t\t<\/div>\n\t\t\t\t\t<\/div>\n\t\t\t\t<\/div>\n\t\t<div class=\"elementor-element elementor-element-2a304a4 e-flex e-con-boxed e-con e-parent\" data-id=\"2a304a4\" data-element_type=\"container\" data-e-type=\"container\">\n\t\t\t\t\t<div class=\"e-con-inner\">\n\t\t\t\t<div class=\"elementor-element elementor-element-dbca61d elementor-widget-divider--view-line elementor-widget elementor-widget-divider\" data-id=\"dbca61d\" data-element_type=\"widget\" data-e-type=\"widget\" data-widget_type=\"divider.default\">\n\t\t\t\t<div class=\"elementor-widget-container\">\n\t\t\t\t\t\t\t<div class=\"elementor-divider\">\n\t\t\t<span class=\"elementor-divider-separator\">\n\t\t\t\t\t\t<\/span>\n\t\t<\/div>\n\t\t\t\t\t\t<\/div>\n\t\t\t\t<\/div>\n\t\t\t\t\t<\/div>\n\t\t\t\t<\/div>\n\t\t<div class=\"elementor-element elementor-element-e278e4f e-flex e-con-boxed e-con e-parent\" data-id=\"e278e4f\" data-element_type=\"container\" data-e-type=\"container\">\n\t\t\t\t\t<div class=\"e-con-inner\">\n\t\t\t\t<div class=\"elementor-element elementor-element-314b730 elementor-widget elementor-widget-text-editor\" data-id=\"314b730\" data-element_type=\"widget\" data-e-type=\"widget\" data-widget_type=\"text-editor.default\">\n\t\t\t\t<div class=\"elementor-widget-container\">\n\t\t\t\t\t\t\t\t\t<p class=\"p1\" style=\"margin-bottom: 0px; font-variant-numeric: normal; font-variant-east-asian: normal; font-variant-alternates: normal; font-kerning: auto; font-optical-sizing: auto; font-feature-settings: normal; font-variation-settings: normal; font-variant-position: normal; font-stretch: normal; font-size: 14px; line-height: normal; font-family: Avenir; color: #000000;\"><b>4 juin <\/b>&#8211; Championnat de r\u00e9gion AURA &#8211; cat\u00e9gories :<\/p><p class=\"p1\" style=\"margin-bottom: 0px; font-variant-numeric: normal; font-variant-east-asian: normal; font-variant-alternates: normal; font-kerning: auto; font-optical-sizing: auto; font-feature-settings: normal; font-variation-settings: normal; font-variant-position: normal; font-stretch: normal; font-size: 14px; line-height: normal; font-family: Avenir; color: #000000;\">\u00a0<\/p><p class=\"p1\" style=\"margin-bottom: 0px; font-variant-numeric: normal; font-variant-east-asian: normal; font-variant-alternates: normal; font-kerning: auto; font-optical-sizing: auto; font-feature-settings: normal; font-variation-settings: normal; font-variant-position: normal; font-stretch: normal; font-size: 14px; line-height: normal; font-family: Avenir; color: #000000;\">1\/10\u00e8me \u00e9lectrique : DTM, Pancar, F1<\/p><p class=\"p1\" style=\"margin-bottom: 0px; font-variant-numeric: normal; font-variant-east-asian: normal; font-variant-alternates: normal; font-kerning: auto; font-optical-sizing: auto; font-feature-settings: normal; font-variation-settings: normal; font-variant-position: normal; font-stretch: normal; font-size: 14px; line-height: normal; font-family: Avenir; color: #000000;\">1\/8\u00e8me \u00e9lectrique : 4&#215;4, 4&#215;2, GT8<\/p><p class=\"p1\" style=\"margin-bottom: 0px; font-variant-numeric: normal; font-variant-east-asian: normal; font-variant-alternates: normal; font-kerning: auto; font-optical-sizing: auto; font-feature-settings: normal; font-variation-settings: normal; font-variant-position: normal; font-stretch: normal; font-size: 14px; line-height: normal; font-family: Avenir; color: #000000;\">1\/5\u00e8me moto \u00e9lectrique<\/p>\t\t\t\t\t\t\t\t<\/div>\n\t\t\t\t<\/div>\n\t\t\t\t\t<\/div>\n\t\t\t\t<\/div>\n\t\t<div class=\"elementor-element elementor-element-8efc173 e-flex e-con-boxed e-con e-parent\" data-id=\"8efc173\" data-element_type=\"container\" data-e-type=\"container\">\n\t\t\t\t\t<div class=\"e-con-inner\">\n\t\t<div class=\"elementor-element elementor-element-e8d2439 e-con-full e-flex e-con e-child\" data-id=\"e8d2439\" data-element_type=\"container\" data-e-type=\"container\">\n\t\t\t\t<div class=\"elementor-element elementor-element-ae12550 elementor-widget elementor-widget-image\" data-id=\"ae12550\" data-element_type=\"widget\" data-e-type=\"widget\" data-widget_type=\"image.default\">\n\t\t\t\t<div class=\"elementor-widget-container\">\n\t\t\t\t\t\t\t\t\t\t\t\t\t\t\t\t<a href=\"https:\/\/automodelclubampuis.com\/wp-content\/uploads\/2023\/12\/Podium_DTM13_5.jpg\" data-elementor-open-lightbox=\"yes\" data-elementor-lightbox-title=\"Podium_DTM13_5\" data-e-action-hash=\"#elementor-action%3Aaction%3Dlightbox%26settings%3DeyJpZCI6MjEyLCJ1cmwiOiJodHRwczpcL1wvYXV0b21vZGVsY2x1YmFtcHVpcy5jb21cL3dwLWNvbnRlbnRcL3VwbG9hZHNcLzIwMjNcLzEyXC9Qb2RpdW1fRFRNMTNfNS5qcGcifQ%3D%3D\">\n\t\t\t\t\t\t\t<img decoding=\"async\" width=\"768\" height=\"1024\" src=\"https:\/\/automodelclubampuis.com\/wp-content\/uploads\/2023\/12\/Podium_DTM13_5-768x1024.jpg\" class=\"attachment-large size-large wp-image-212\" alt=\"\" srcset=\"https:\/\/automodelclubampuis.com\/wp-content\/uploads\/2023\/12\/Podium_DTM13_5-768x1024.jpg 768w, https:\/\/automodelclubampuis.com\/wp-content\/uploads\/2023\/12\/Podium_DTM13_5-225x300.jpg 225w, https:\/\/automodelclubampuis.com\/wp-content\/uploads\/2023\/12\/Podium_DTM13_5-1152x1536.jpg 1152w, https:\/\/automodelclubampuis.com\/wp-content\/uploads\/2023\/12\/Podium_DTM13_5-1140x1520.jpg 1140w, https:\/\/automodelclubampuis.com\/wp-content\/uploads\/2023\/12\/Podium_DTM13_5.jpg 1536w\" sizes=\"(max-width: 768px) 100vw, 768px\" \/>\t\t\t\t\t\t\t\t<\/a>\n\t\t\t\t\t\t\t\t\t\t\t\t\t\t\t<\/div>\n\t\t\t\t<\/div>\n\t\t\t\t<\/div>\n\t\t<div class=\"elementor-element elementor-element-076962c e-con-full e-flex e-con e-child\" data-id=\"076962c\" data-element_type=\"container\" data-e-type=\"container\">\n\t\t\t\t<div class=\"elementor-element elementor-element-bbbc3ea elementor-widget elementor-widget-image\" data-id=\"bbbc3ea\" data-element_type=\"widget\" data-e-type=\"widget\" data-widget_type=\"image.default\">\n\t\t\t\t<div class=\"elementor-widget-container\">\n\t\t\t\t\t\t\t\t\t\t\t\t\t\t\t\t<a href=\"https:\/\/automodelclubampuis.com\/wp-content\/uploads\/2023\/12\/Podium_F1.jpg\" data-elementor-open-lightbox=\"yes\" data-elementor-lightbox-title=\"Podium_F1\" data-e-action-hash=\"#elementor-action%3Aaction%3Dlightbox%26settings%3DeyJpZCI6MjExLCJ1cmwiOiJodHRwczpcL1wvYXV0b21vZGVsY2x1YmFtcHVpcy5jb21cL3dwLWNvbnRlbnRcL3VwbG9hZHNcLzIwMjNcLzEyXC9Qb2RpdW1fRjEuanBnIn0%3D\">\n\t\t\t\t\t\t\t<img loading=\"lazy\" decoding=\"async\" width=\"720\" height=\"960\" src=\"https:\/\/automodelclubampuis.com\/wp-content\/uploads\/2023\/12\/Podium_F1.jpg\" class=\"attachment-large size-large wp-image-211\" alt=\"\" srcset=\"https:\/\/automodelclubampuis.com\/wp-content\/uploads\/2023\/12\/Podium_F1.jpg 720w, https:\/\/automodelclubampuis.com\/wp-content\/uploads\/2023\/12\/Podium_F1-225x300.jpg 225w\" sizes=\"(max-width: 720px) 100vw, 720px\" \/>\t\t\t\t\t\t\t\t<\/a>\n\t\t\t\t\t\t\t\t\t\t\t\t\t\t\t<\/div>\n\t\t\t\t<\/div>\n\t\t\t\t<\/div>\n\t\t<div class=\"elementor-element elementor-element-c61d965 e-con-full e-flex e-con e-child\" data-id=\"c61d965\" data-element_type=\"container\" data-e-type=\"container\">\n\t\t\t\t<div class=\"elementor-element elementor-element-493e307 elementor-widget elementor-widget-image\" data-id=\"493e307\" data-element_type=\"widget\" data-e-type=\"widget\" data-widget_type=\"image.default\">\n\t\t\t\t<div class=\"elementor-widget-container\">\n\t\t\t\t\t\t\t\t\t\t\t\t\t\t\t\t<a href=\"https:\/\/automodelclubampuis.com\/wp-content\/uploads\/2023\/12\/Podium_P8_CLASS.jpg\" data-elementor-open-lightbox=\"yes\" data-elementor-lightbox-title=\"Podium_P8_CLASS\" data-e-action-hash=\"#elementor-action%3Aaction%3Dlightbox%26settings%3DeyJpZCI6MjEwLCJ1cmwiOiJodHRwczpcL1wvYXV0b21vZGVsY2x1YmFtcHVpcy5jb21cL3dwLWNvbnRlbnRcL3VwbG9hZHNcLzIwMjNcLzEyXC9Qb2RpdW1fUDhfQ0xBU1MuanBnIn0%3D\">\n\t\t\t\t\t\t\t<img loading=\"lazy\" decoding=\"async\" width=\"768\" height=\"1024\" src=\"https:\/\/automodelclubampuis.com\/wp-content\/uploads\/2023\/12\/Podium_P8_CLASS-768x1024.jpg\" class=\"attachment-large size-large wp-image-210\" alt=\"\" srcset=\"https:\/\/automodelclubampuis.com\/wp-content\/uploads\/2023\/12\/Podium_P8_CLASS-768x1024.jpg 768w, https:\/\/automodelclubampuis.com\/wp-content\/uploads\/2023\/12\/Podium_P8_CLASS-225x300.jpg 225w, https:\/\/automodelclubampuis.com\/wp-content\/uploads\/2023\/12\/Podium_P8_CLASS-1152x1536.jpg 1152w, https:\/\/automodelclubampuis.com\/wp-content\/uploads\/2023\/12\/Podium_P8_CLASS-1140x1520.jpg 1140w, https:\/\/automodelclubampuis.com\/wp-content\/uploads\/2023\/12\/Podium_P8_CLASS.jpg 1536w\" sizes=\"(max-width: 768px) 100vw, 768px\" \/>\t\t\t\t\t\t\t\t<\/a>\n\t\t\t\t\t\t\t\t\t\t\t\t\t\t\t<\/div>\n\t\t\t\t<\/div>\n\t\t\t\t<\/div>\n\t\t<div class=\"elementor-element elementor-element-25e465c e-con-full e-flex e-con e-child\" data-id=\"25e465c\" data-element_type=\"container\" data-e-type=\"container\">\n\t\t\t\t<div class=\"elementor-element elementor-element-2a835eb elementor-widget elementor-widget-image\" data-id=\"2a835eb\" data-element_type=\"widget\" data-e-type=\"widget\" data-widget_type=\"image.default\">\n\t\t\t\t<div class=\"elementor-widget-container\">\n\t\t\t\t\t\t\t\t\t\t\t\t\t\t\t\t<a href=\"https:\/\/automodelclubampuis.com\/wp-content\/uploads\/2023\/12\/Podium_Procar10.jpg\" data-elementor-open-lightbox=\"yes\" data-elementor-lightbox-title=\"Podium_Procar10\" data-e-action-hash=\"#elementor-action%3Aaction%3Dlightbox%26settings%3DeyJpZCI6MjA4LCJ1cmwiOiJodHRwczpcL1wvYXV0b21vZGVsY2x1YmFtcHVpcy5jb21cL3dwLWNvbnRlbnRcL3VwbG9hZHNcLzIwMjNcLzEyXC9Qb2RpdW1fUHJvY2FyMTAuanBnIn0%3D\">\n\t\t\t\t\t\t\t<img loading=\"lazy\" decoding=\"async\" width=\"768\" height=\"1024\" src=\"https:\/\/automodelclubampuis.com\/wp-content\/uploads\/2023\/12\/Podium_Procar10-768x1024.jpg\" class=\"attachment-large size-large wp-image-208\" alt=\"\" srcset=\"https:\/\/automodelclubampuis.com\/wp-content\/uploads\/2023\/12\/Podium_Procar10-768x1024.jpg 768w, https:\/\/automodelclubampuis.com\/wp-content\/uploads\/2023\/12\/Podium_Procar10-225x300.jpg 225w, https:\/\/automodelclubampuis.com\/wp-content\/uploads\/2023\/12\/Podium_Procar10-1152x1536.jpg 1152w, https:\/\/automodelclubampuis.com\/wp-content\/uploads\/2023\/12\/Podium_Procar10-1140x1520.jpg 1140w, https:\/\/automodelclubampuis.com\/wp-content\/uploads\/2023\/12\/Podium_Procar10.jpg 1536w\" sizes=\"(max-width: 768px) 100vw, 768px\" \/>\t\t\t\t\t\t\t\t<\/a>\n\t\t\t\t\t\t\t\t\t\t\t\t\t\t\t<\/div>\n\t\t\t\t<\/div>\n\t\t\t\t<\/div>\n\t\t<div class=\"elementor-element elementor-element-f355642 e-con-full e-flex e-con e-child\" data-id=\"f355642\" data-element_type=\"container\" data-e-type=\"container\">\n\t\t\t\t<div class=\"elementor-element elementor-element-af2876b elementor-widget elementor-widget-image\" data-id=\"af2876b\" data-element_type=\"widget\" data-e-type=\"widget\" data-widget_type=\"image.default\">\n\t\t\t\t<div class=\"elementor-widget-container\">\n\t\t\t\t\t\t\t\t\t\t\t\t\t\t\t\t<a href=\"https:\/\/automodelclubampuis.com\/wp-content\/uploads\/2023\/12\/Podium_P8_STK_LIBRE.jpg\" data-elementor-open-lightbox=\"yes\" data-elementor-lightbox-title=\"Podium_P8_STK_LIBRE\" data-e-action-hash=\"#elementor-action%3Aaction%3Dlightbox%26settings%3DeyJpZCI6MjA5LCJ1cmwiOiJodHRwczpcL1wvYXV0b21vZGVsY2x1YmFtcHVpcy5jb21cL3dwLWNvbnRlbnRcL3VwbG9hZHNcLzIwMjNcLzEyXC9Qb2RpdW1fUDhfU1RLX0xJQlJFLmpwZyJ9\">\n\t\t\t\t\t\t\t<img loading=\"lazy\" decoding=\"async\" width=\"768\" height=\"1024\" src=\"https:\/\/automodelclubampuis.com\/wp-content\/uploads\/2023\/12\/Podium_P8_STK_LIBRE-768x1024.jpg\" class=\"attachment-large size-large wp-image-209\" alt=\"\" srcset=\"https:\/\/automodelclubampuis.com\/wp-content\/uploads\/2023\/12\/Podium_P8_STK_LIBRE-768x1024.jpg 768w, https:\/\/automodelclubampuis.com\/wp-content\/uploads\/2023\/12\/Podium_P8_STK_LIBRE-225x300.jpg 225w, https:\/\/automodelclubampuis.com\/wp-content\/uploads\/2023\/12\/Podium_P8_STK_LIBRE-1152x1536.jpg 1152w, https:\/\/automodelclubampuis.com\/wp-content\/uploads\/2023\/12\/Podium_P8_STK_LIBRE-1140x1520.jpg 1140w, https:\/\/automodelclubampuis.com\/wp-content\/uploads\/2023\/12\/Podium_P8_STK_LIBRE.jpg 1536w\" sizes=\"(max-width: 768px) 100vw, 768px\" \/>\t\t\t\t\t\t\t\t<\/a>\n\t\t\t\t\t\t\t\t\t\t\t\t\t\t\t<\/div>\n\t\t\t\t<\/div>\n\t\t\t\t<\/div>\n\t\t\t\t\t<\/div>\n\t\t\t\t<\/div>\n\t\t<div class=\"elementor-element elementor-element-f4d7e39 e-flex e-con-boxed e-con e-parent\" data-id=\"f4d7e39\" data-element_type=\"container\" data-e-type=\"container\">\n\t\t\t\t\t<div class=\"e-con-inner\">\n\t\t\t\t<div class=\"elementor-element elementor-element-eacd356 elementor-align-center elementor-widget elementor-widget-button\" data-id=\"eacd356\" data-element_type=\"widget\" data-e-type=\"widget\" data-widget_type=\"button.default\">\n\t\t\t\t<div class=\"elementor-widget-container\">\n\t\t\t\t\t\t\t\t\t<div class=\"elementor-button-wrapper\">\n\t\t\t\t\t<a class=\"elementor-button elementor-button-link elementor-size-sm elementor-animation-wobble-to-bottom-right\" href=\"https:\/\/drive.google.com\/file\/d\/1ATwuGhhjxDMWpqRkj76WuIS4pNHZm2d_\/view?usp=share_link\" target=\"_blank\">\n\t\t\t\t\t\t<span class=\"elementor-button-content-wrapper\">\n\t\t\t\t\t\t\t\t\t<span class=\"elementor-button-text\">R\u00e9sultats des courses<\/span>\n\t\t\t\t\t<\/span>\n\t\t\t\t\t<\/a>\n\t\t\t\t<\/div>\n\t\t\t\t\t\t\t\t<\/div>\n\t\t\t\t<\/div>\n\t\t\t\t\t<\/div>\n\t\t\t\t<\/div>\n\t\t\t\t<\/div>\n\t\t","protected":false},"excerpt":{"rendered":"<p>Les \u00e9v\u00e9nements de l&rsquo;ann\u00e9e 2023 2 avril &#8211; Championnat de r\u00e9gion AURA &#8211; cat\u00e9gories :\u00a0 \u00a0 1\/10\u00e8me thermique : 200mm 1\/8\u00e8me thermique : 4&#215;4, 4x2_classique 1\/5\u00e8me thermique: FormuleFrance, GT R\u00e9sultats des courses 4 juin &#8211; Championnat de r\u00e9gion AURA &#8211; cat\u00e9gories : \u00a0 1\/10\u00e8me \u00e9lectrique : DTM, Pancar, F1 1\/8\u00e8me \u00e9lectrique : 4&#215;4, 4&#215;2, GT8 1\/5\u00e8me moto \u00e9lectrique R\u00e9sultats des courses<\/p>\n","protected":false},"author":1,"featured_media":0,"parent":0,"menu_order":0,"comment_status":"closed","ping_status":"closed","template":"","meta":{"footnotes":""},"class_list":["post-186","page","type-page","status-publish","hentry"],"jetpack_sharing_enabled":true,"_links":{"self":[{"href":"https:\/\/automodelclubampuis.com\/index.php?rest_route=\/wp\/v2\/pages\/186","targetHints":{"allow":["GET"]}}],"collection":[{"href":"https:\/\/automodelclubampuis.com\/index.php?rest_route=\/wp\/v2\/pages"}],"about":[{"href":"https:\/\/automodelclubampuis.com\/index.php?rest_route=\/wp\/v2\/types\/page"}],"author":[{"embeddable":true,"href":"https:\/\/automodelclubampuis.com\/index.php?rest_route=\/wp\/v2\/users\/1"}],"replies":[{"embeddable":true,"href":"https:\/\/automodelclubampuis.com\/index.php?rest_route=%2Fwp%2Fv2%2Fcomments&post=186"}],"version-history":[{"count":41,"href":"https:\/\/automodelclubampuis.com\/index.php?rest_route=\/wp\/v2\/pages\/186\/revisions"}],"predecessor-version":[{"id":347,"href":"https:\/\/automodelclubampuis.com\/index.php?rest_route=\/wp\/v2\/pages\/186\/revisions\/347"}],"wp:attachment":[{"href":"https:\/\/automodelclubampuis.com\/index.php?rest_route=%2Fwp%2Fv2%2Fmedia&parent=186"}],"curies":[{"name":"wp","href":"https:\/\/api.w.org\/{rel}","templated":true}]}}