{"id":2,"date":"2023-11-29T15:10:13","date_gmt":"2023-11-29T14:10:13","guid":{"rendered":"http:\/\/automodelclubampuis.com\/?page_id=2"},"modified":"2026-01-03T08:06:42","modified_gmt":"2026-01-03T07:06:42","slug":"actualites","status":"publish","type":"page","link":"https:\/\/automodelclubampuis.com\/","title":{"rendered":"ACTUALIT\u00c9S"},"content":{"rendered":"\t\t<div data-elementor-type=\"wp-page\" data-elementor-id=\"2\" class=\"elementor elementor-2\">\n\t\t\t\t<div class=\"elementor-element elementor-element-11467a7 e-flex e-con-boxed e-con e-parent\" data-id=\"11467a7\" data-element_type=\"container\" data-e-type=\"container\">\n\t\t\t\t\t<div class=\"e-con-inner\">\n\t\t\t\t<div class=\"elementor-element elementor-element-50c4220 elementor-widget elementor-widget-text-editor\" data-id=\"50c4220\" data-element_type=\"widget\" data-e-type=\"widget\" data-widget_type=\"text-editor.default\">\n\t\t\t\t<div class=\"elementor-widget-container\">\n\t\t\t\t\t\t\t\t\t<p class=\"p1\" style=\"margin-bottom: 12px; font-variant-numeric: normal; font-variant-east-asian: normal; font-variant-alternates: normal; font-size-adjust: none; font-language-override: normal; font-kerning: auto; font-optical-sizing: auto; font-feature-settings: normal; font-variation-settings: normal; font-variant-position: normal; font-variant-emoji: normal; font-stretch: normal; font-size: 12px; line-height: normal; font-family: Avenir; -webkit-text-stroke-color: rgb(0, 0, 0); color: rgb(0, 0, 0);\"><span class=\"s1\" style=\"font-kerning: none;\"><b>Toute l\u2019\u00e9quipe vous adresse ses meilleurs v\u0153ux pour cette nouvelle ann\u00e9e !<\/b><b><\/b><\/span><\/p><p class=\"p1\" style=\"margin-bottom: 12px; font-variant-numeric: normal; font-variant-east-asian: normal; font-variant-alternates: normal; font-size-adjust: none; font-language-override: normal; font-kerning: auto; font-optical-sizing: auto; font-feature-settings: normal; font-variation-settings: normal; font-variant-position: normal; font-variant-emoji: normal; font-stretch: normal; font-size: 12px; line-height: normal; font-family: Avenir; -webkit-text-stroke-color: rgb(0, 0, 0); color: rgb(0, 0, 0);\"><span class=\"s1\" style=\"font-kerning: none;\">Que cette saison soit plac\u00e9e sous le signe de la sant\u00e9, du plaisir et de la passion pour la voiture radiot\u00e9l\u00e9command\u00e9e.<\/span><\/p><p class=\"p1\" style=\"margin-bottom: 12px; font-variant-numeric: normal; font-variant-east-asian: normal; font-variant-alternates: normal; font-size-adjust: none; font-language-override: normal; font-kerning: auto; font-optical-sizing: auto; font-feature-settings: normal; font-variation-settings: normal; font-variant-position: normal; font-variant-emoji: normal; font-stretch: normal; font-size: 12px; line-height: normal; font-family: Avenir; -webkit-text-stroke-color: rgb(0, 0, 0); color: rgb(0, 0, 0);\"><span class=\"s1\" style=\"font-kerning: none;\">Nous vous souhaitons de belles performances, beaucoup de fair-play et de superbes courses RC tout au long de l\u2019ann\u00e9e.<\/span><\/p>\t\t\t\t\t\t\t\t<\/div>\n\t\t\t\t<\/div>\n\t\t\t\t\t<\/div>\n\t\t\t\t<\/div>\n\t\t<div class=\"elementor-element elementor-element-15b5935 e-flex e-con-boxed e-con e-parent\" data-id=\"15b5935\" data-element_type=\"container\" data-e-type=\"container\">\n\t\t\t\t\t<div class=\"e-con-inner\">\n\t\t\t\t<div class=\"elementor-element elementor-element-e30196a elementor-widget-divider--view-line elementor-widget elementor-widget-divider\" data-id=\"e30196a\" data-element_type=\"widget\" data-e-type=\"widget\" data-widget_type=\"divider.default\">\n\t\t\t\t<div class=\"elementor-widget-container\">\n\t\t\t\t\t\t\t<div class=\"elementor-divider\">\n\t\t\t<span class=\"elementor-divider-separator\">\n\t\t\t\t\t\t<\/span>\n\t\t<\/div>\n\t\t\t\t\t\t<\/div>\n\t\t\t\t<\/div>\n\t\t\t\t\t<\/div>\n\t\t\t\t<\/div>\n\t\t<div class=\"elementor-element elementor-element-8cb0ed9 e-flex e-con-boxed e-con e-parent\" data-id=\"8cb0ed9\" data-element_type=\"container\" data-e-type=\"container\">\n\t\t\t\t\t<div class=\"e-con-inner\">\n\t\t\t\t<div class=\"elementor-element elementor-element-e83c2d2 elementor-widget elementor-widget-text-editor\" data-id=\"e83c2d2\" data-element_type=\"widget\" data-e-type=\"widget\" data-widget_type=\"text-editor.default\">\n\t\t\t\t<div class=\"elementor-widget-container\">\n\t\t\t\t\t\t\t\t\t<p style=\"margin-bottom: 0px; font-variant-numeric: normal; font-variant-east-asian: normal; font-variant-alternates: normal; font-size-adjust: none; font-language-override: normal; font-kerning: auto; font-optical-sizing: auto; font-feature-settings: normal; font-variation-settings: normal; font-variant-position: normal; font-variant-emoji: normal; font-stretch: normal; font-size: 16px; line-height: normal; font-family: Avenir; -webkit-text-stroke-color: #000000; color: #000000;\"><span style=\"font-kerning: none;\">les inscriptions sont ouvertes pour 2026 dans l&rsquo;onglet adh\u00e9sion ou <a href=\"https:\/\/automodelclubampuis.com\/?page_id=52\">ICI<\/a><\/span><\/p>\t\t\t\t\t\t\t\t<\/div>\n\t\t\t\t<\/div>\n\t\t\t\t\t<\/div>\n\t\t\t\t<\/div>\n\t\t<div class=\"elementor-element elementor-element-928968d e-flex e-con-boxed e-con e-parent\" data-id=\"928968d\" data-element_type=\"container\" data-e-type=\"container\">\n\t\t\t\t\t<div class=\"e-con-inner\">\n\t\t\t\t<div class=\"elementor-element elementor-element-41552e5 elementor-widget-divider--view-line elementor-widget elementor-widget-divider\" data-id=\"41552e5\" data-element_type=\"widget\" data-e-type=\"widget\" data-widget_type=\"divider.default\">\n\t\t\t\t<div class=\"elementor-widget-container\">\n\t\t\t\t\t\t\t<div class=\"elementor-divider\">\n\t\t\t<span class=\"elementor-divider-separator\">\n\t\t\t\t\t\t<\/span>\n\t\t<\/div>\n\t\t\t\t\t\t<\/div>\n\t\t\t\t<\/div>\n\t\t\t\t\t<\/div>\n\t\t\t\t<\/div>\n\t\t<div class=\"elementor-element elementor-element-fbbcfa3 e-flex e-con-boxed e-con e-parent\" data-id=\"fbbcfa3\" data-element_type=\"container\" data-e-type=\"container\">\n\t\t\t\t\t<div class=\"e-con-inner\">\n\t\t\t\t<div class=\"elementor-element elementor-element-e233709 elementor-widget elementor-widget-text-editor\" data-id=\"e233709\" data-element_type=\"widget\" data-e-type=\"widget\" data-widget_type=\"text-editor.default\">\n\t\t\t\t<div class=\"elementor-widget-container\">\n\t\t\t\t\t\t\t\t\t<p class=\"p1\" style=\"margin-bottom: 0px; font-variant-numeric: normal; font-variant-east-asian: normal; font-variant-alternates: normal; font-size-adjust: none; font-kerning: auto; font-optical-sizing: auto; font-feature-settings: normal; font-variation-settings: normal; font-variant-position: normal; font-variant-emoji: normal; font-stretch: normal; font-size: 16px; line-height: normal; font-family: Avenir; color: #000000;\"><span class=\"s1\" style=\"font-kerning: none;\">Le club est d\u00e9sormais en p\u00e9riode d&rsquo;hivernage. En cons\u00e9quence, l&rsquo;eau n&rsquo;est plus disponible et les toilettes ne sont plus accessibles.<\/span><\/p>\t\t\t\t\t\t\t\t<\/div>\n\t\t\t\t<\/div>\n\t\t\t\t\t<\/div>\n\t\t\t\t<\/div>\n\t\t<div class=\"elementor-element elementor-element-2917363 e-flex e-con-boxed e-con e-parent\" data-id=\"2917363\" data-element_type=\"container\" data-e-type=\"container\">\n\t\t\t\t\t<div class=\"e-con-inner\">\n\t\t\t\t<div class=\"elementor-element elementor-element-5124bb8 elementor-widget-divider--view-line elementor-widget elementor-widget-divider\" data-id=\"5124bb8\" data-element_type=\"widget\" data-e-type=\"widget\" data-widget_type=\"divider.default\">\n\t\t\t\t<div class=\"elementor-widget-container\">\n\t\t\t\t\t\t\t<div class=\"elementor-divider\">\n\t\t\t<span class=\"elementor-divider-separator\">\n\t\t\t\t\t\t<\/span>\n\t\t<\/div>\n\t\t\t\t\t\t<\/div>\n\t\t\t\t<\/div>\n\t\t\t\t\t<\/div>\n\t\t\t\t<\/div>\n\t\t<div class=\"elementor-element elementor-element-c455fd0 e-flex e-con-boxed e-con e-parent\" data-id=\"c455fd0\" data-element_type=\"container\" data-e-type=\"container\">\n\t\t\t\t\t<div class=\"e-con-inner\">\n\t\t\t\t<div class=\"elementor-element elementor-element-3f9008b elementor-widget elementor-widget-text-editor\" data-id=\"3f9008b\" data-element_type=\"widget\" data-e-type=\"widget\" data-widget_type=\"text-editor.default\">\n\t\t\t\t<div class=\"elementor-widget-container\">\n\t\t\t\t\t\t\t\t\t<p class=\"p1\" style=\"margin-bottom: 0px; font-variant-numeric: normal; font-variant-east-asian: normal; font-variant-alternates: normal; font-kerning: auto; font-optical-sizing: auto; font-feature-settings: normal; font-variation-settings: normal; font-variant-position: normal; font-stretch: normal; font-size: 16px; line-height: normal; font-family: Avenir; color: #060606;\"><span class=\"s1\" style=\"font-kerning: none;\">Nouveaut\u00e9 de notre club en 2024<\/span><\/p>\n<p class=\"p1\" style=\"margin-bottom: 0px; font-variant-numeric: normal; font-variant-east-asian: normal; font-variant-alternates: normal; font-kerning: auto; font-optical-sizing: auto; font-feature-settings: normal; font-variation-settings: normal; font-variant-position: normal; font-stretch: normal; font-size: 16px; line-height: normal; font-family: Avenir; color: #060606;\"><span class=\"s1\" style=\"font-kerning: none;\">&nbsp;<\/span><\/p>\n<p class=\"p1\" style=\"margin-bottom: 0px; font-variant-numeric: normal; font-variant-east-asian: normal; font-variant-alternates: normal; font-kerning: auto; font-optical-sizing: auto; font-feature-settings: normal; font-variation-settings: normal; font-variant-position: normal; font-stretch: normal; font-size: 16px; line-height: normal; font-family: Avenir; color: #060606;\"><span class=\"s1\" style=\"font-kerning: none;\">l\u2019introduction d\u2019un nouveau syst\u00e8me de comptage.<\/span><\/p>\n<p class=\"p1\" style=\"margin-bottom: 0px; font-variant-numeric: normal; font-variant-east-asian: normal; font-variant-alternates: normal; font-kerning: auto; font-optical-sizing: auto; font-feature-settings: normal; font-variation-settings: normal; font-variant-position: normal; font-stretch: normal; font-size: 16px; line-height: normal; font-family: Avenir; color: #060606;\"><span class=\"s1\" style=\"font-kerning: none;\">&nbsp;<\/span><\/p>\n<p class=\"p1\" style=\"margin-bottom: 0px; font-variant-numeric: normal; font-variant-east-asian: normal; font-variant-alternates: normal; font-kerning: auto; font-optical-sizing: auto; font-feature-settings: normal; font-variation-settings: normal; font-variant-position: normal; font-stretch: normal; font-size: 16px; line-height: normal; font-family: Avenir; color: #060606;\"><span class=\"s1\" style=\"font-kerning: none;\">D\u00e9sormais, pour consulter vos temps, nous utilisons le syst\u00e8me MYLAPS. Gr\u00e2ce \u00e0 Speedhive, vous pouvez facilement acc\u00e9der \u00e0 vos temps.<\/span><\/p>\n<p class=\"p1\" style=\"margin-bottom: 0px; font-variant-numeric: normal; font-variant-east-asian: normal; font-variant-alternates: normal; font-kerning: auto; font-optical-sizing: auto; font-feature-settings: normal; font-variation-settings: normal; font-variant-position: normal; font-stretch: normal; font-size: 16px; line-height: normal; font-family: Avenir; color: #060606;\"><span class=\"s1\" style=\"font-kerning: none;\">&nbsp;<\/span><\/p>\t\t\t\t\t\t\t\t<\/div>\n\t\t\t\t<\/div>\n\t\t\t\t<div class=\"elementor-element elementor-element-d1dd612 elementor-widget-divider--view-line elementor-widget elementor-widget-divider\" data-id=\"d1dd612\" data-element_type=\"widget\" data-e-type=\"widget\" data-widget_type=\"divider.default\">\n\t\t\t\t<div class=\"elementor-widget-container\">\n\t\t\t\t\t\t\t<div class=\"elementor-divider\">\n\t\t\t<span class=\"elementor-divider-separator\">\n\t\t\t\t\t\t<\/span>\n\t\t<\/div>\n\t\t\t\t\t\t<\/div>\n\t\t\t\t<\/div>\n\t\t\t\t\t<\/div>\n\t\t\t\t<\/div>\n\t\t<div class=\"elementor-element elementor-element-bafc0fd e-flex e-con-boxed e-con e-parent\" data-id=\"bafc0fd\" data-element_type=\"container\" data-e-type=\"container\">\n\t\t\t\t\t<div class=\"e-con-inner\">\n\t\t\t\t<div class=\"elementor-element elementor-element-fe205dd elementor-widget elementor-widget-text-editor\" data-id=\"fe205dd\" data-element_type=\"widget\" data-e-type=\"widget\" data-widget_type=\"text-editor.default\">\n\t\t\t\t<div class=\"elementor-widget-container\">\n\t\t\t\t\t\t\t\t\t<p class=\"p1\"><span class=\"s1\">ROUTE DE CHAVAILLON<\/span> <span class=\"s1\">Z.A VERENAY<\/span> <span class=\"s1\">69420 AMPUIS &#8211; <b>T\u00e9l<\/b> : <\/span><span class=\"s3\">0987424389 &#8211; <\/span><span class=\"s4\"><b>Courriel :<\/b><\/span><span class=\"s1\"> <a href=\"mailto:bureau@automodelclubampuis.com\"><span class=\"s5\">bureau@automodelclubampuis.com<\/span><\/a><\/span><\/p>\t\t\t\t\t\t\t\t<\/div>\n\t\t\t\t<\/div>\n\t\t\t\t\t<\/div>\n\t\t\t\t<\/div>\n\t\t\t\t<\/div>\n\t\t","protected":false},"excerpt":{"rendered":"<p>Toute l\u2019\u00e9quipe vous adresse ses meilleurs v\u0153ux pour cette nouvelle ann\u00e9e ! Que cette saison soit plac\u00e9e sous le signe de la sant\u00e9, du plaisir et de la passion pour la voiture radiot\u00e9l\u00e9command\u00e9e. Nous vous souhaitons de belles performances, beaucoup de fair-play et de superbes courses RC tout au long de l\u2019ann\u00e9e. les inscriptions sont ouvertes pour 2026 dans l&rsquo;onglet adh\u00e9sion ou ICI Le club est d\u00e9sormais en p\u00e9riode d&rsquo;hivernage. En cons\u00e9quence, l&rsquo;eau n&rsquo;est plus disponible et les toilettes ne sont plus accessibles. Nouveaut\u00e9 de notre club en 2024 &nbsp; l\u2019introduction d\u2019un nouveau syst\u00e8me de comptage. &nbsp; D\u00e9sormais, pour consulter vos temps, nous utilisons le syst\u00e8me MYLAPS. Gr\u00e2ce \u00e0 Speedhive, vous pouvez facilement acc\u00e9der \u00e0 vos temps. &nbsp; ROUTE DE CHAVAILLON Z.A VERENAY 69420 AMPUIS &#8211; T\u00e9l : 0987424389 &#8211; Courriel : bureau@automodelclubampuis.com<\/p>\n","protected":false},"author":1,"featured_media":0,"parent":0,"menu_order":0,"comment_status":"closed","ping_status":"closed","template":"","meta":{"footnotes":""},"class_list":["post-2","page","type-page","status-publish","hentry"],"jetpack_sharing_enabled":true,"_links":{"self":[{"href":"https:\/\/automodelclubampuis.com\/index.php?rest_route=\/wp\/v2\/pages\/2","targetHints":{"allow":["GET"]}}],"collection":[{"href":"https:\/\/automodelclubampuis.com\/index.php?rest_route=\/wp\/v2\/pages"}],"about":[{"href":"https:\/\/automodelclubampuis.com\/index.php?rest_route=\/wp\/v2\/types\/page"}],"author":[{"embeddable":true,"href":"https:\/\/automodelclubampuis.com\/index.php?rest_route=\/wp\/v2\/users\/1"}],"replies":[{"embeddable":true,"href":"https:\/\/automodelclubampuis.com\/index.php?rest_route=%2Fwp%2Fv2%2Fcomments&post=2"}],"version-history":[{"count":109,"href":"https:\/\/automodelclubampuis.com\/index.php?rest_route=\/wp\/v2\/pages\/2\/revisions"}],"predecessor-version":[{"id":519,"href":"https:\/\/automodelclubampuis.com\/index.php?rest_route=\/wp\/v2\/pages\/2\/revisions\/519"}],"wp:attachment":[{"href":"https:\/\/automodelclubampuis.com\/index.php?rest_route=%2Fwp%2Fv2%2Fmedia&parent=2"}],"curies":[{"name":"wp","href":"https:\/\/api.w.org\/{rel}","templated":true}]}}