{"id":284,"date":"2024-02-25T11:21:39","date_gmt":"2024-02-25T10:21:39","guid":{"rendered":"https:\/\/automodelclubampuis.com\/?page_id=284"},"modified":"2025-02-13T05:04:54","modified_gmt":"2025-02-13T04:04:54","slug":"entretiens","status":"publish","type":"page","link":"https:\/\/automodelclubampuis.com\/?page_id=284","title":{"rendered":"Entretiens"},"content":{"rendered":"\t\t<div data-elementor-type=\"wp-page\" data-elementor-id=\"284\" class=\"elementor elementor-284\">\n\t\t\t\t<div class=\"elementor-element elementor-element-a4ff452 e-flex e-con-boxed e-con e-parent\" data-id=\"a4ff452\" data-element_type=\"container\" data-e-type=\"container\">\n\t\t\t\t\t<div class=\"e-con-inner\">\n\t\t\t\t<div class=\"elementor-element elementor-element-3d1cb96 elementor-widget elementor-widget-text-editor\" data-id=\"3d1cb96\" data-element_type=\"widget\" data-e-type=\"widget\" data-widget_type=\"text-editor.default\">\n\t\t\t\t<div class=\"elementor-widget-container\">\n\t\t\t\t\t\t\t\t\t<p class=\"p1\"><span class=\"s1\"><b>Dates d&rsquo;entretien de la piste :<\/b><b><\/b><\/span><\/p>\n<ul class=\"ul1\">\n<li class=\"li2\"><span class=\"s1\">8 mars, 29 mars, 12 avril, 26 avril<\/span><\/li>\n<li class=\"li2\"><span class=\"s1\">17 mai, 31 mai, 14 juin, 28 juin<\/span><\/li>\n<li class=\"li2\"><span class=\"s1\">19 juillet, 2 ao\u00fbt, 23 ao\u00fbt<\/span><\/li>\n<li class=\"li2\"><span class=\"s1\">13 septembre, 4 octobre<\/span><\/li>\n<\/ul>\n<p class=\"p1\"><span class=\"s1\">Tous les entretiens auront lieu de <b>9h \u00e0 12h<\/b>.<\/span><\/p>\n<p class=\"p1\"><span class=\"s1\">&nbsp;<\/span><\/p>\n<p class=\"p1\"><span class=\"s1\">Pour une meilleure organisation des courses, l&rsquo;inscription est requise aux dates suivantes :<\/span><\/p>\n<p class=\"p1\"><span class=\"s1\"><b>16 mars, 3 mai, 4 mai, 6 juillet, 21 septembre.<\/b><br>Veuillez vous inscrire via le lien d\u00e9di\u00e9 : <a href=\"https:\/\/forms.gle\/cSWBn6W4HgTUSgWQ9\" target=\"_blank\" rel=\"noopener\">Inscription aux participation des courses<\/a><\/span><\/p>\t\t\t\t\t\t\t\t<\/div>\n\t\t\t\t<\/div>\n\t\t\t\t\t<\/div>\n\t\t\t\t<\/div>\n\t\t\t\t<\/div>\n\t\t","protected":false},"excerpt":{"rendered":"<p>Dates d&rsquo;entretien de la piste : 8 mars, 29 mars, 12 avril, 26 avril 17 mai, 31 mai, 14 juin, 28 juin 19 juillet, 2 ao\u00fbt, 23 ao\u00fbt 13 septembre, 4 octobre Tous les entretiens auront lieu de 9h \u00e0 12h. &nbsp; Pour une meilleure organisation des courses, l&rsquo;inscription est requise aux dates suivantes : 16 mars, 3 mai, 4 mai, 6 juillet, 21 septembre.Veuillez vous inscrire via le lien d\u00e9di\u00e9 : Inscription aux participation des courses<\/p>\n","protected":false},"author":1,"featured_media":0,"parent":0,"menu_order":0,"comment_status":"closed","ping_status":"closed","template":"","meta":{"footnotes":""},"class_list":["post-284","page","type-page","status-publish","hentry"],"jetpack_sharing_enabled":true,"_links":{"self":[{"href":"https:\/\/automodelclubampuis.com\/index.php?rest_route=\/wp\/v2\/pages\/284","targetHints":{"allow":["GET"]}}],"collection":[{"href":"https:\/\/automodelclubampuis.com\/index.php?rest_route=\/wp\/v2\/pages"}],"about":[{"href":"https:\/\/automodelclubampuis.com\/index.php?rest_route=\/wp\/v2\/types\/page"}],"author":[{"embeddable":true,"href":"https:\/\/automodelclubampuis.com\/index.php?rest_route=\/wp\/v2\/users\/1"}],"replies":[{"embeddable":true,"href":"https:\/\/automodelclubampuis.com\/index.php?rest_route=%2Fwp%2Fv2%2Fcomments&post=284"}],"version-history":[{"count":26,"href":"https:\/\/automodelclubampuis.com\/index.php?rest_route=\/wp\/v2\/pages\/284\/revisions"}],"predecessor-version":[{"id":452,"href":"https:\/\/automodelclubampuis.com\/index.php?rest_route=\/wp\/v2\/pages\/284\/revisions\/452"}],"wp:attachment":[{"href":"https:\/\/automodelclubampuis.com\/index.php?rest_route=%2Fwp%2Fv2%2Fmedia&parent=284"}],"curies":[{"name":"wp","href":"https:\/\/api.w.org\/{rel}","templated":true}]}}