{"id":52,"date":"2023-11-30T07:42:16","date_gmt":"2023-11-30T06:42:16","guid":{"rendered":"https:\/\/automodelclubampuis.com\/?page_id=52"},"modified":"2025-12-06T08:36:48","modified_gmt":"2025-12-06T07:36:48","slug":"adhesion","status":"publish","type":"page","link":"https:\/\/automodelclubampuis.com\/?page_id=52","title":{"rendered":"Adh\u00e9sion"},"content":{"rendered":"\t\t<div data-elementor-type=\"wp-page\" data-elementor-id=\"52\" class=\"elementor elementor-52\">\n\t\t\t\t<div class=\"elementor-element elementor-element-cdd169f e-flex e-con-boxed e-con e-parent\" data-id=\"cdd169f\" data-element_type=\"container\" data-e-type=\"container\">\n\t\t\t\t\t<div class=\"e-con-inner\">\n\t\t\t\t<div class=\"elementor-element elementor-element-019a740 elementor-widget elementor-widget-text-editor\" data-id=\"019a740\" data-element_type=\"widget\" data-e-type=\"widget\" data-widget_type=\"text-editor.default\">\n\t\t\t\t<div class=\"elementor-widget-container\">\n\t\t\t\t\t\t\t\t\t<strong style=\"text-align: var(--text-align); letter-spacing: 0px; font-family: Avenir; font-size: 16px; -webkit-text-stroke-color: #000000;\"><span style=\"font-kerning: none;\">Pour devenir membre de l&rsquo;Auto Model Club Ampuis, les conditions suivantes sont requises :<\/span><\/strong>\n<p style=\"margin-bottom: 0px; font-style: normal; font-variant-caps: normal; font-stretch: normal; font-size: 14px; line-height: normal; font-family: Avenir; font-size-adjust: none; font-kerning: auto; font-variant-alternates: normal; font-variant-ligatures: normal; font-variant-numeric: normal; font-variant-east-asian: normal; font-variant-position: normal; font-feature-settings: normal; font-optical-sizing: auto; font-variation-settings: normal; -webkit-text-stroke-width: 0px; -webkit-text-stroke-color: #000000;\"><span style=\"font-kerning: none;\">\u00a0<\/span><\/p>\n\n<ul>\n \t<li style=\"font-style: normal; font-variant-caps: normal; font-stretch: normal; font-size: 14px; line-height: normal; font-family: Avenir; font-size-adjust: none; font-kerning: auto; font-variant-alternates: normal; font-variant-ligatures: normal; font-variant-numeric: normal; font-variant-east-asian: normal; font-variant-position: normal; font-feature-settings: normal; font-optical-sizing: auto; font-variation-settings: normal; -webkit-text-stroke-width: 0px; -webkit-text-stroke-color: #000000;\"><span style=\"font-kerning: none;\">\u00catre titulaire d&rsquo;une licence FFVRC.<\/span><\/li>\n \t<li style=\"font-style: normal; font-variant-caps: normal; font-stretch: normal; font-size: 14px; line-height: normal; font-family: Avenir; font-size-adjust: none; font-kerning: auto; font-variant-alternates: normal; font-variant-ligatures: normal; font-variant-numeric: normal; font-variant-east-asian: normal; font-variant-position: normal; font-feature-settings: normal; font-optical-sizing: auto; font-variation-settings: normal; -webkit-text-stroke-width: 0px; -webkit-text-stroke-color: #000000;\"><span style=\"font-kerning: none;\">\u00catre majeur.<\/span><\/li>\n \t<li style=\"font-style: normal; font-variant-caps: normal; font-stretch: normal; font-size: 14px; line-height: normal; font-family: Avenir; font-size-adjust: none; font-kerning: auto; font-variant-alternates: normal; font-variant-ligatures: normal; font-variant-numeric: normal; font-variant-east-asian: normal; font-variant-position: normal; font-feature-settings: normal; font-optical-sizing: auto; font-variation-settings: normal; -webkit-text-stroke-width: 0px; -webkit-text-stroke-color: #000000;\"><span style=\"font-kerning: none;\">Les mineurs peuvent \u00e9galement adh\u00e9rer sous r\u00e9serve qu\u2019un responsable l\u00e9gal proc\u00e8de \u00e0 l&rsquo;inscription.<\/span><\/li>\n \t<li style=\"font-style: normal; font-variant-caps: normal; font-stretch: normal; font-size: 14px; line-height: normal; font-family: Avenir; font-size-adjust: none; font-kerning: auto; font-variant-alternates: normal; font-variant-ligatures: normal; font-variant-numeric: normal; font-variant-east-asian: normal; font-variant-position: normal; font-feature-settings: normal; font-optical-sizing: auto; font-variation-settings: normal; -webkit-text-stroke-width: 0px; -webkit-text-stroke-color: #000000;\"><span style=\"font-kerning: none;\">L&rsquo;acc\u00e8s des mineurs est autoris\u00e9 uniquement en pr\u00e9sence d&rsquo;un responsable l\u00e9gal.<\/span><span style=\"text-align: var(--text-align); letter-spacing: 0px;\">\u00a0<\/span><\/li>\n \t<li style=\"font-style: normal; font-variant-caps: normal; font-stretch: normal; font-size: 14px; line-height: normal; font-family: Avenir; font-size-adjust: none; font-kerning: auto; font-variant-alternates: normal; font-variant-ligatures: normal; font-variant-numeric: normal; font-variant-east-asian: normal; font-variant-position: normal; font-feature-settings: normal; font-optical-sizing: auto; font-variation-settings: normal; -webkit-text-stroke-width: 0px; -webkit-text-stroke-color: #000000;\"><span style=\"font-kerning: none;\">\u00catre \u00e0 jour du paiement de sa cotisation (Auto Model Club Ampuis + FFVRC).<\/span><\/li>\n<\/ul>\n<p style=\"margin-bottom: 0px; font-style: normal; font-variant-caps: normal; font-stretch: normal; font-size: 14px; line-height: normal; font-family: Avenir; font-size-adjust: none; font-kerning: auto; font-variant-alternates: normal; font-variant-ligatures: normal; font-variant-numeric: normal; font-variant-east-asian: normal; font-variant-position: normal; font-feature-settings: normal; font-optical-sizing: auto; font-variation-settings: normal; -webkit-text-stroke-width: 0px; -webkit-text-stroke-color: #000000;\"><span style=\"font-kerning: none;\">Pour les nouveaux membres, un paiement de 30\u20ac est requis pour obtenir la cl\u00e9 d&rsquo;acc\u00e8s \u00e0 la piste.<\/span><\/p>\n\n<div><span style=\"font-kerning: none;\">\u00a0<\/span><\/div>\t\t\t\t\t\t\t\t<\/div>\n\t\t\t\t<\/div>\n\t\t\t\t\t<\/div>\n\t\t\t\t<\/div>\n\t\t<div class=\"elementor-element elementor-element-193ee52 e-flex e-con-boxed e-con e-parent\" data-id=\"193ee52\" data-element_type=\"container\" data-e-type=\"container\">\n\t\t\t\t\t<div class=\"e-con-inner\">\n\t\t\t\t<div class=\"elementor-element elementor-element-13a7e9d elementor-widget-divider--view-line elementor-widget elementor-widget-divider\" data-id=\"13a7e9d\" data-element_type=\"widget\" data-e-type=\"widget\" data-widget_type=\"divider.default\">\n\t\t\t\t<div class=\"elementor-widget-container\">\n\t\t\t\t\t\t\t<div class=\"elementor-divider\">\n\t\t\t<span class=\"elementor-divider-separator\">\n\t\t\t\t\t\t<\/span>\n\t\t<\/div>\n\t\t\t\t\t\t<\/div>\n\t\t\t\t<\/div>\n\t\t\t\t\t<\/div>\n\t\t\t\t<\/div>\n\t\t<div class=\"elementor-element elementor-element-0b4bfc6 e-flex e-con-boxed e-con e-parent\" data-id=\"0b4bfc6\" data-element_type=\"container\" data-e-type=\"container\">\n\t\t\t\t\t<div class=\"e-con-inner\">\n\t\t\t\t<div class=\"elementor-element elementor-element-d8dd2f2 elementor-widget elementor-widget-text-editor\" data-id=\"d8dd2f2\" data-element_type=\"widget\" data-e-type=\"widget\" data-widget_type=\"text-editor.default\">\n\t\t\t\t<div class=\"elementor-widget-container\">\n\t\t\t\t\t\t\t\t\t<p style=\"margin-bottom: 0px; font-style: normal; font-variant-caps: normal; font-stretch: normal; font-size: 16px; line-height: normal; font-family: Avenir; font-size-adjust: none; font-kerning: auto; font-variant-alternates: normal; font-variant-ligatures: normal; font-variant-numeric: normal; font-variant-east-asian: normal; font-variant-position: normal; font-feature-settings: normal; font-optical-sizing: auto; font-variation-settings: normal; color: #2a3140;\"><strong><span style=\"font-kerning: none;\">Inscription en ligne pour l&rsquo;ann\u00e9e 2026 pour les personnes majeures :<\/span><\/strong><\/p>\n<p style=\"margin-bottom: 0px; font-style: normal; font-variant-caps: normal; font-stretch: normal; font-size: 16px; line-height: normal; font-family: Avenir; font-size-adjust: none; font-kerning: auto; font-variant-alternates: normal; font-variant-ligatures: normal; font-variant-numeric: normal; font-variant-east-asian: normal; font-variant-position: normal; font-feature-settings: normal; font-optical-sizing: auto; font-variation-settings: normal; color: #2a3140;\"><strong><span style=\"font-kerning: none;\">&nbsp;<\/span><\/strong><\/p>\n<p style=\"margin-bottom: 0px; font-style: normal; font-variant-caps: normal; font-stretch: normal; font-size: 14px; line-height: normal; font-family: Avenir; font-size-adjust: none; font-kerning: auto; font-variant-alternates: normal; font-variant-ligatures: normal; font-variant-numeric: normal; font-variant-east-asian: normal; font-variant-position: normal; font-feature-settings: normal; font-optical-sizing: auto; font-variation-settings: normal; color: #2a3140;\"><span style=\"font-kerning: none;\">Le r\u00e8glement peut s&rsquo;effectuer via PayPal \u00e0 la fin du formulaire, ou par virement bancaire (r\u00e9serv\u00e9 aux personnes majeures). Les paiements par ch\u00e8que ou en esp\u00e8ces sont \u00e9galement accept\u00e9s.<\/span><\/p>\n<p style=\"margin-bottom: 0px; font-style: normal; font-variant-caps: normal; font-stretch: normal; font-size: 14px; line-height: normal; font-family: Avenir; font-size-adjust: none; font-kerning: auto; font-variant-alternates: normal; font-variant-ligatures: normal; font-variant-numeric: normal; font-variant-east-asian: normal; font-variant-position: normal; font-feature-settings: normal; font-optical-sizing: auto; font-variation-settings: normal; color: #2a3140;\"><span style=\"font-kerning: none;\">&nbsp;<\/span><\/p>\n<div>\n<p style=\"margin-bottom: 0px; font-style: normal; font-variant-caps: normal; font-stretch: normal; font-size: 14px; line-height: normal; font-family: Avenir; font-size-adjust: none; font-kerning: auto; font-variant-alternates: normal; font-variant-ligatures: normal; font-variant-numeric: normal; font-variant-east-asian: normal; font-variant-position: normal; font-feature-settings: normal; font-optical-sizing: auto; font-variation-settings: normal; color: #ff0000;\"><span style=\"font-kerning: none;\">Je souhaite attirer votre attention sur le fait qu&rsquo;apr\u00e8s avoir effectu\u00e9 le r\u00e8glement via PayPal, il est n\u00e9cessaire de retourner sur le formulaire pour le valider l\u2019inscription.<\/span><\/p>\n<\/div>\t\t\t\t\t\t\t\t<\/div>\n\t\t\t\t<\/div>\n\t\t\t\t\t<\/div>\n\t\t\t\t<\/div>\n\t\t<div class=\"elementor-element elementor-element-fc175d5 e-flex e-con-boxed e-con e-parent\" data-id=\"fc175d5\" data-element_type=\"container\" data-e-type=\"container\">\n\t\t\t\t\t<div class=\"e-con-inner\">\n\t\t\t\t<div class=\"elementor-element elementor-element-eb10e85 elementor-align-center elementor-widget elementor-widget-button\" data-id=\"eb10e85\" data-element_type=\"widget\" data-e-type=\"widget\" data-settings=\"{&quot;_animation&quot;:&quot;none&quot;}\" data-widget_type=\"button.default\">\n\t\t\t\t<div class=\"elementor-widget-container\">\n\t\t\t\t\t\t\t\t\t<div class=\"elementor-button-wrapper\">\n\t\t\t\t\t<a class=\"elementor-button elementor-button-link elementor-size-sm elementor-animation-wobble-bottom\" href=\"https:\/\/forms.gle\/Ry1gmDS32sssXbRW8\" target=\"_blank\">\n\t\t\t\t\t\t<span class=\"elementor-button-content-wrapper\">\n\t\t\t\t\t\t\t\t\t<span class=\"elementor-button-text\"><span style=\"font-family: Avenir;font-size: 14px;letter-spacing: 0px\">Inscription en ligne pour l'ann\u00e9e 2026<\/span><\/span>\n\t\t\t\t\t<\/span>\n\t\t\t\t\t<\/a>\n\t\t\t\t<\/div>\n\t\t\t\t\t\t\t\t<\/div>\n\t\t\t\t<\/div>\n\t\t\t\t\t<\/div>\n\t\t\t\t<\/div>\n\t\t<div class=\"elementor-element elementor-element-b446bec e-flex e-con-boxed e-con e-parent\" data-id=\"b446bec\" data-element_type=\"container\" data-e-type=\"container\">\n\t\t\t\t\t<div class=\"e-con-inner\">\n\t\t\t\t<div class=\"elementor-element elementor-element-652c7bd elementor-widget-divider--view-line elementor-widget elementor-widget-divider\" data-id=\"652c7bd\" data-element_type=\"widget\" data-e-type=\"widget\" data-widget_type=\"divider.default\">\n\t\t\t\t<div class=\"elementor-widget-container\">\n\t\t\t\t\t\t\t<div class=\"elementor-divider\">\n\t\t\t<span class=\"elementor-divider-separator\">\n\t\t\t\t\t\t<\/span>\n\t\t<\/div>\n\t\t\t\t\t\t<\/div>\n\t\t\t\t<\/div>\n\t\t\t\t\t<\/div>\n\t\t\t\t<\/div>\n\t\t<div class=\"elementor-element elementor-element-96b97d4 e-flex e-con-boxed e-con e-parent\" data-id=\"96b97d4\" data-element_type=\"container\" data-e-type=\"container\">\n\t\t\t\t\t<div class=\"e-con-inner\">\n\t\t\t\t<div class=\"elementor-element elementor-element-4e1e23c elementor-widget elementor-widget-text-editor\" data-id=\"4e1e23c\" data-element_type=\"widget\" data-e-type=\"widget\" data-widget_type=\"text-editor.default\">\n\t\t\t\t<div class=\"elementor-widget-container\">\n\t\t\t\t\t\t\t\t\t<p style=\"margin-bottom: 0px; font-style: normal; font-variant-caps: normal; font-stretch: normal; font-size: 16px; line-height: normal; font-family: Avenir; font-size-adjust: none; font-kerning: auto; font-variant-alternates: normal; font-variant-ligatures: normal; font-variant-numeric: normal; font-variant-east-asian: normal; font-variant-position: normal; font-feature-settings: normal; font-optical-sizing: auto; font-variation-settings: normal; color: #2a3140;\"><strong><span style=\"font-kerning: none;\">Inscription en ligne pour l&rsquo;ann\u00e9e 2026 pour les personnes mineur :<\/span><\/strong><\/p><p style=\"margin-bottom: 0px; font-style: normal; font-variant-caps: normal; font-stretch: normal; font-size: 16px; line-height: normal; font-family: Avenir; font-size-adjust: none; font-kerning: auto; font-variant-alternates: normal; font-variant-ligatures: normal; font-variant-numeric: normal; font-variant-east-asian: normal; font-variant-position: normal; font-feature-settings: normal; font-optical-sizing: auto; font-variation-settings: normal; color: #2a3140;\"><strong><span style=\"font-kerning: none;\">\u00a0<\/span><\/strong><\/p><p style=\"margin-bottom: 0px; font-style: normal; font-variant-caps: normal; font-stretch: normal; font-size: 14px; line-height: normal; font-family: Avenir; font-size-adjust: none; font-kerning: auto; font-variant-alternates: normal; font-variant-ligatures: normal; font-variant-numeric: normal; font-variant-east-asian: normal; font-variant-position: normal; font-feature-settings: normal; font-optical-sizing: auto; font-variation-settings: normal; color: #2a3140;\"><span style=\"font-kerning: none;\">Le r\u00e8glement peut s&rsquo;effectuer via PayPal \u00e0 la fin du formulaire, ou par virement bancaire (r\u00e9serv\u00e9 aux personnes majeures). Les paiements par ch\u00e8que ou en esp\u00e8ces sont \u00e9galement accept\u00e9s.<\/span><\/p><p style=\"margin-bottom: 0px; font-style: normal; font-variant-caps: normal; font-stretch: normal; font-size: 14px; line-height: normal; font-family: Avenir; font-size-adjust: none; font-kerning: auto; font-variant-alternates: normal; font-variant-ligatures: normal; font-variant-numeric: normal; font-variant-east-asian: normal; font-variant-position: normal; font-feature-settings: normal; font-optical-sizing: auto; font-variation-settings: normal; color: #2a3140;\"><span style=\"font-kerning: none;\">\u00a0<\/span><\/p><div><p style=\"margin-bottom: 0px; font-style: normal; font-variant-caps: normal; font-stretch: normal; font-size: 14px; line-height: normal; font-family: Avenir; font-size-adjust: none; font-kerning: auto; font-variant-alternates: normal; font-variant-ligatures: normal; font-variant-numeric: normal; font-variant-east-asian: normal; font-variant-position: normal; font-feature-settings: normal; font-optical-sizing: auto; font-variation-settings: normal; color: #ff0000;\"><span style=\"font-kerning: none;\">Je souhaite attirer votre attention sur le fait qu&rsquo;apr\u00e8s avoir effectu\u00e9 le r\u00e8glement via PayPal, il est n\u00e9cessaire de retourner sur le formulaire pour le valider l\u2019inscription.<\/span><\/p><\/div>\t\t\t\t\t\t\t\t<\/div>\n\t\t\t\t<\/div>\n\t\t\t\t\t<\/div>\n\t\t\t\t<\/div>\n\t\t<div class=\"elementor-element elementor-element-5bf0744 e-flex e-con-boxed e-con e-parent\" data-id=\"5bf0744\" data-element_type=\"container\" data-e-type=\"container\">\n\t\t\t\t\t<div class=\"e-con-inner\">\n\t\t\t\t<div class=\"elementor-element elementor-element-73a754b elementor-align-center elementor-widget elementor-widget-button\" data-id=\"73a754b\" data-element_type=\"widget\" data-e-type=\"widget\" data-settings=\"{&quot;_animation&quot;:&quot;none&quot;}\" data-widget_type=\"button.default\">\n\t\t\t\t<div class=\"elementor-widget-container\">\n\t\t\t\t\t\t\t\t\t<div class=\"elementor-button-wrapper\">\n\t\t\t\t\t<a class=\"elementor-button elementor-button-link elementor-size-sm elementor-animation-wobble-bottom\" href=\"https:\/\/forms.gle\/D37PXU36FhwMEiri8\" target=\"_blank\">\n\t\t\t\t\t\t<span class=\"elementor-button-content-wrapper\">\n\t\t\t\t\t\t\t\t\t<span class=\"elementor-button-text\"><span style=\"font-family: Avenir;font-size: 14px;letter-spacing: 0px\">Inscription en ligne pour l'ann\u00e9e 2026<\/span><\/span>\n\t\t\t\t\t<\/span>\n\t\t\t\t\t<\/a>\n\t\t\t\t<\/div>\n\t\t\t\t\t\t\t\t<\/div>\n\t\t\t\t<\/div>\n\t\t\t\t\t<\/div>\n\t\t\t\t<\/div>\n\t\t<div class=\"elementor-element elementor-element-865b9d1 e-flex e-con-boxed e-con e-parent\" data-id=\"865b9d1\" data-element_type=\"container\" data-e-type=\"container\">\n\t\t\t\t\t<div class=\"e-con-inner\">\n\t\t\t\t<div class=\"elementor-element elementor-element-ef64531 elementor-widget-divider--view-line elementor-widget elementor-widget-divider\" data-id=\"ef64531\" data-element_type=\"widget\" data-e-type=\"widget\" data-widget_type=\"divider.default\">\n\t\t\t\t<div class=\"elementor-widget-container\">\n\t\t\t\t\t\t\t<div class=\"elementor-divider\">\n\t\t\t<span class=\"elementor-divider-separator\">\n\t\t\t\t\t\t<\/span>\n\t\t<\/div>\n\t\t\t\t\t\t<\/div>\n\t\t\t\t<\/div>\n\t\t\t\t\t<\/div>\n\t\t\t\t<\/div>\n\t\t<div class=\"elementor-element elementor-element-981e958 e-flex e-con-boxed e-con e-parent\" data-id=\"981e958\" data-element_type=\"container\" data-e-type=\"container\">\n\t\t\t\t\t<div class=\"e-con-inner\">\n\t\t\t\t<div class=\"elementor-element elementor-element-fb02473 elementor-widget elementor-widget-text-editor\" data-id=\"fb02473\" data-element_type=\"widget\" data-e-type=\"widget\" data-widget_type=\"text-editor.default\">\n\t\t\t\t<div class=\"elementor-widget-container\">\n\t\t\t\t\t\t\t\t\t<p style=\"margin-bottom: 0px; font-stretch: normal; font-size: 16px; line-height: normal; font-family: Avenir; font-size-adjust: none; font-kerning: auto; font-variant-alternates: normal; font-variant-numeric: normal; font-variant-east-asian: normal; font-variant-position: normal; font-feature-settings: normal; font-optical-sizing: auto; font-variation-settings: normal; color: #2a3140;\"><strong><span style=\"font-kerning: none;\">Inscription en ligne pour l&rsquo;ann\u00e9e 2026 pour les personnes majeures ayant participer a l entretien :<\/span><\/strong><\/p><p style=\"margin-bottom: 0px; font-stretch: normal; font-size: 16px; line-height: normal; font-family: Avenir; font-size-adjust: none; font-kerning: auto; font-variant-alternates: normal; font-variant-numeric: normal; font-variant-east-asian: normal; font-variant-position: normal; font-feature-settings: normal; font-optical-sizing: auto; font-variation-settings: normal; color: #2a3140;\"><strong><span style=\"font-kerning: none;\">\u00a0<\/span><\/strong><\/p><p style=\"margin-bottom: 0px; font-stretch: normal; font-size: 14px; line-height: normal; font-family: Avenir; font-size-adjust: none; font-kerning: auto; font-variant-alternates: normal; font-variant-numeric: normal; font-variant-east-asian: normal; font-variant-position: normal; font-feature-settings: normal; font-optical-sizing: auto; font-variation-settings: normal; color: #2a3140;\"><span style=\"font-kerning: none;\">Le r\u00e8glement peut s&rsquo;effectuer via PayPal \u00e0 la fin du formulaire, ou par virement bancaire (r\u00e9serv\u00e9 aux personnes majeures). Les paiements par ch\u00e8que ou en esp\u00e8ces sont \u00e9galement accept\u00e9s.<\/span><\/p><p style=\"margin-bottom: 0px; font-stretch: normal; font-size: 14px; line-height: normal; font-family: Avenir; font-size-adjust: none; font-kerning: auto; font-variant-alternates: normal; font-variant-numeric: normal; font-variant-east-asian: normal; font-variant-position: normal; font-feature-settings: normal; font-optical-sizing: auto; font-variation-settings: normal; color: #2a3140;\"><span style=\"font-kerning: none;\">\u00a0<\/span><\/p><div style=\"color: #ff0000;\"><p style=\"margin-bottom: 0px; font-stretch: normal; font-size: 14px; line-height: normal; font-family: Avenir; font-size-adjust: none; font-kerning: auto; font-variant-alternates: normal; font-variant-numeric: normal; font-variant-east-asian: normal; font-variant-position: normal; font-feature-settings: normal; font-optical-sizing: auto; font-variation-settings: normal;\"><span style=\"font-kerning: none;\">Je souhaite attirer votre attention sur le fait qu&rsquo;apr\u00e8s avoir effectu\u00e9 le r\u00e8glement via PayPal, il est n\u00e9cessaire de retourner sur le formulaire pour le valider l\u2019inscription.<\/span><\/p><\/div><div><strong><span style=\"font-kerning: none;\"><br \/><\/span><\/strong><strong><span style=\"font-kerning: none;\"><br \/><\/span><\/strong><\/div>\t\t\t\t\t\t\t\t<\/div>\n\t\t\t\t<\/div>\n\t\t\t\t\t<\/div>\n\t\t\t\t<\/div>\n\t\t<div class=\"elementor-element elementor-element-d5972ff e-flex e-con-boxed e-con e-parent\" data-id=\"d5972ff\" data-element_type=\"container\" data-e-type=\"container\">\n\t\t\t\t\t<div class=\"e-con-inner\">\n\t\t\t\t<div class=\"elementor-element elementor-element-f975415 elementor-align-center elementor-widget elementor-widget-button\" data-id=\"f975415\" data-element_type=\"widget\" data-e-type=\"widget\" data-widget_type=\"button.default\">\n\t\t\t\t<div class=\"elementor-widget-container\">\n\t\t\t\t\t\t\t\t\t<div class=\"elementor-button-wrapper\">\n\t\t\t\t\t<a class=\"elementor-button elementor-button-link elementor-size-sm elementor-animation-rotate\" href=\"https:\/\/automodelclubampuis.com\/?page_id=492\">\n\t\t\t\t\t\t<span class=\"elementor-button-content-wrapper\">\n\t\t\t\t\t\t\t\t\t<span class=\"elementor-button-text\"><span style=\"font-family: Avenir;font-size: 14px;letter-spacing: 0px\">Inscription en ligne pour l'ann\u00e9e 2026<\/span><\/span>\n\t\t\t\t\t<\/span>\n\t\t\t\t\t<\/a>\n\t\t\t\t<\/div>\n\t\t\t\t\t\t\t\t<\/div>\n\t\t\t\t<\/div>\n\t\t\t\t\t<\/div>\n\t\t\t\t<\/div>\n\t\t\t\t<\/div>\n\t\t","protected":false},"excerpt":{"rendered":"<p>Pour devenir membre de l&rsquo;Auto Model Club Ampuis, les conditions suivantes sont requises : \u00a0 \u00catre titulaire d&rsquo;une licence FFVRC. \u00catre majeur. Les mineurs peuvent \u00e9galement adh\u00e9rer sous r\u00e9serve qu\u2019un responsable l\u00e9gal proc\u00e8de \u00e0 l&rsquo;inscription. L&rsquo;acc\u00e8s des mineurs est autoris\u00e9 uniquement en pr\u00e9sence d&rsquo;un responsable l\u00e9gal.\u00a0 \u00catre \u00e0 jour du paiement de sa cotisation (Auto Model Club Ampuis + FFVRC). Pour les nouveaux membres, un paiement de 30\u20ac est requis pour obtenir la cl\u00e9 d&rsquo;acc\u00e8s \u00e0 la piste. \u00a0 Inscription en ligne pour l&rsquo;ann\u00e9e 2026 pour les personnes majeures : &nbsp; Le r\u00e8glement peut s&rsquo;effectuer via PayPal \u00e0 la fin du formulaire, ou par virement bancaire (r\u00e9serv\u00e9 aux personnes majeures). Les paiements par ch\u00e8que ou en esp\u00e8ces sont \u00e9galement accept\u00e9s. &nbsp; Je souhaite attirer votre attention sur le fait qu&rsquo;apr\u00e8s avoir effectu\u00e9 le r\u00e8glement via PayPal, il est n\u00e9cessaire de retourner sur le formulaire pour le valider l\u2019inscription. Inscription en ligne pour l&rsquo;ann\u00e9e 2026 Inscription en ligne pour l&rsquo;ann\u00e9e 2026 pour les personnes mineur : \u00a0 Le r\u00e8glement peut s&rsquo;effectuer via PayPal \u00e0 la fin du formulaire, ou par virement bancaire (r\u00e9serv\u00e9 aux personnes majeures). Les paiements par ch\u00e8que ou en esp\u00e8ces sont \u00e9galement accept\u00e9s. \u00a0 Je souhaite attirer votre attention sur le fait qu&rsquo;apr\u00e8s avoir effectu\u00e9 le r\u00e8glement via PayPal, il est n\u00e9cessaire de retourner sur le formulaire pour le valider l\u2019inscription. Inscription en ligne pour l&rsquo;ann\u00e9e 2026 Inscription en ligne pour l&rsquo;ann\u00e9e 2026 pour les personnes majeures ayant participer a l entretien : \u00a0 Le r\u00e8glement peut s&rsquo;effectuer via PayPal \u00e0 la fin du formulaire, ou par virement bancaire (r\u00e9serv\u00e9 aux personnes majeures). Les paiements par ch\u00e8que ou en esp\u00e8ces sont \u00e9galement accept\u00e9s. \u00a0 Je souhaite attirer votre attention sur le fait qu&rsquo;apr\u00e8s avoir effectu\u00e9 le r\u00e8glement via PayPal, il est n\u00e9cessaire de retourner sur le formulaire pour le valider l\u2019inscription. Inscription en ligne pour l&rsquo;ann\u00e9e 2026<\/p>\n","protected":false},"author":1,"featured_media":0,"parent":0,"menu_order":0,"comment_status":"closed","ping_status":"closed","template":"","meta":{"footnotes":""},"class_list":["post-52","page","type-page","status-publish","hentry"],"jetpack_sharing_enabled":true,"_links":{"self":[{"href":"https:\/\/automodelclubampuis.com\/index.php?rest_route=\/wp\/v2\/pages\/52","targetHints":{"allow":["GET"]}}],"collection":[{"href":"https:\/\/automodelclubampuis.com\/index.php?rest_route=\/wp\/v2\/pages"}],"about":[{"href":"https:\/\/automodelclubampuis.com\/index.php?rest_route=\/wp\/v2\/types\/page"}],"author":[{"embeddable":true,"href":"https:\/\/automodelclubampuis.com\/index.php?rest_route=\/wp\/v2\/users\/1"}],"replies":[{"embeddable":true,"href":"https:\/\/automodelclubampuis.com\/index.php?rest_route=%2Fwp%2Fv2%2Fcomments&post=52"}],"version-history":[{"count":46,"href":"https:\/\/automodelclubampuis.com\/index.php?rest_route=\/wp\/v2\/pages\/52\/revisions"}],"predecessor-version":[{"id":507,"href":"https:\/\/automodelclubampuis.com\/index.php?rest_route=\/wp\/v2\/pages\/52\/revisions\/507"}],"wp:attachment":[{"href":"https:\/\/automodelclubampuis.com\/index.php?rest_route=%2Fwp%2Fv2%2Fmedia&parent=52"}],"curies":[{"name":"wp","href":"https:\/\/api.w.org\/{rel}","templated":true}]}}