{"id":59,"date":"2023-11-30T07:46:47","date_gmt":"2023-11-30T06:46:47","guid":{"rendered":"https:\/\/automodelclubampuis.com\/?page_id=59"},"modified":"2023-12-01T17:41:42","modified_gmt":"2023-12-01T16:41:42","slug":"le-club","status":"publish","type":"page","link":"https:\/\/automodelclubampuis.com\/?page_id=59","title":{"rendered":"Nous d\u00e9couvrir"},"content":{"rendered":"\t\t<div data-elementor-type=\"wp-page\" data-elementor-id=\"59\" class=\"elementor elementor-59\">\n\t\t\t\t<div class=\"elementor-element elementor-element-a3684b4 e-flex e-con-boxed e-con e-parent\" data-id=\"a3684b4\" data-element_type=\"container\" data-e-type=\"container\">\n\t\t\t\t\t<div class=\"e-con-inner\">\n\t\t\t\t<div class=\"elementor-element elementor-element-02f5b40 elementor-widget elementor-widget-text-editor\" data-id=\"02f5b40\" data-element_type=\"widget\" data-e-type=\"widget\" data-widget_type=\"text-editor.default\">\n\t\t\t\t<div class=\"elementor-widget-container\">\n\t\t\t\t\t\t\t\t\t<p style=\"margin-bottom: 20px; font-style: normal; font-variant-caps: normal; font-stretch: normal; font-size: 14px; line-height: normal; font-family: Avenir; font-size-adjust: none; font-kerning: auto; font-variant-alternates: normal; font-variant-ligatures: normal; font-variant-numeric: normal; font-variant-east-asian: normal; font-variant-position: normal; font-feature-settings: normal; font-optical-sizing: auto; font-variation-settings: normal; color: #2a3140;\"><span style=\"font-kerning: none;\">L&rsquo;Auto Model Club a \u00e9t\u00e9 fond\u00e9 en f\u00e9vrier 1983 par un petit groupe de passionn\u00e9s de mod\u00e9lisme. Le club est situ\u00e9 au pied du barrage hydro\u00e9lectrique de Reventin-Vaugris, sur la rive droite du Rh\u00f4ne.<\/span><\/p>\n<p style=\"margin-bottom: 20px; font-style: normal; font-variant-caps: normal; font-stretch: normal; font-size: 14px; line-height: normal; font-family: Avenir; font-size-adjust: none; font-kerning: auto; font-variant-alternates: normal; font-variant-ligatures: normal; font-variant-numeric: normal; font-variant-east-asian: normal; font-variant-position: normal; font-feature-settings: normal; font-optical-sizing: auto; font-variation-settings: normal; color: #2a3140;\"><span style=\"font-kerning: none;\">Notre piste est largement reconnue comme l&rsquo;une des plus belles de France en raison de la qualit\u00e9 de ses installations. Le circuit s&rsquo;\u00e9tend sur une longueur totale de 306 m\u00e8tres, offrant une diversit\u00e9 de d\u00e9fis (le rev\u00eatement a \u00e9t\u00e9 refait en \u00e9t\u00e9 1999). Des stands couverts sont disponibles pour accueillir plus de 100 pilotes, avec toutes les commodit\u00e9s n\u00e9cessaires telles que l&rsquo;eau, l&rsquo;\u00e9lectricit\u00e9 et un compresseur. De plus, un restaurant dot\u00e9 d&rsquo;une terrasse couverte (construite fin 1999) permet de restaurer tous les participants et spectateurs lors des journ\u00e9es de courses.<\/span><\/p>\n<p style=\"margin-bottom: 20px; font-style: normal; font-variant-caps: normal; font-stretch: normal; font-size: 14px; line-height: normal; font-family: Avenir; font-size-adjust: none; font-kerning: auto; font-variant-alternates: normal; font-variant-ligatures: normal; font-variant-numeric: normal; font-variant-east-asian: normal; font-variant-position: normal; font-feature-settings: normal; font-optical-sizing: auto; font-variation-settings: normal; color: #2a3140;\"><span style=\"font-kerning: none;\"><\/span><\/p>\n<p style=\"margin-bottom: 0px; font-style: normal; font-variant-caps: normal; font-stretch: normal; font-size: 14px; line-height: normal; font-family: Avenir; font-size-adjust: none; font-kerning: auto; font-variant-alternates: normal; font-variant-ligatures: normal; font-variant-numeric: normal; font-variant-east-asian: normal; font-variant-position: normal; font-feature-settings: normal; font-optical-sizing: auto; font-variation-settings: normal; color: rgb(42, 49, 64);\"><span style=\"font-kerning: none\">Depuis la saison 2012, l&rsquo;AMCA est \u00e9quip\u00e9 d&rsquo;un syst\u00e8me de chronom\u00e9trage permanent sur la piste de Chavaillon.<\/span><\/p><p style=\"margin-bottom: 0px; font-style: normal; font-variant-caps: normal; font-stretch: normal; font-size: 14px; line-height: normal; font-family: Avenir; font-size-adjust: none; font-kerning: auto; font-variant-alternates: normal; font-variant-ligatures: normal; font-variant-numeric: normal; font-variant-east-asian: normal; font-variant-position: normal; font-feature-settings: normal; font-optical-sizing: auto; font-variation-settings: normal; color: rgb(42, 49, 64);\"><span style=\"font-kerning: none\"><br><\/span><\/p>\n<p style=\"margin-bottom: 0px; font-style: normal; font-variant-caps: normal; font-stretch: normal; font-size: 14px; line-height: normal; font-family: Avenir; font-size-adjust: none; font-kerning: auto; font-variant-alternates: normal; font-variant-ligatures: normal; font-variant-numeric: normal; font-variant-east-asian: normal; font-variant-position: normal; font-feature-settings: normal; font-optical-sizing: auto; font-variation-settings: normal; color: #2a3140;\"><span style=\"font-kerning: none;\">Les membres du club sont toujours disponibles pour r\u00e9pondre \u00e0 vos questions. N&rsquo;h\u00e9sitez pas \u00e0 venir nous rencontrer sur notre piste et \u00e0 d\u00e9couvrir la passion qui nous anime ! Avec l&rsquo;accord des membres du bureau, il est \u00e9galement possible de venir effectuer un essai sur notre circuit.<\/span><\/p>\t\t\t\t\t\t\t\t<\/div>\n\t\t\t\t<\/div>\n\t\t\t\t\t<\/div>\n\t\t\t\t<\/div>\n\t\t<div class=\"elementor-element elementor-element-16f5afb e-flex e-con-boxed e-con e-parent\" data-id=\"16f5afb\" data-element_type=\"container\" data-e-type=\"container\">\n\t\t\t\t\t<div class=\"e-con-inner\">\n\t\t\t\t<div class=\"elementor-element elementor-element-d0fab91 elementor-widget elementor-widget-image\" data-id=\"d0fab91\" data-element_type=\"widget\" data-e-type=\"widget\" data-widget_type=\"image.default\">\n\t\t\t\t<div class=\"elementor-widget-container\">\n\t\t\t\t\t\t\t\t\t\t\t\t\t\t\t\t<a href=\"https:\/\/automodelclubampuis.com\/wp-content\/uploads\/2023\/11\/WhatsApp-Image-2023-11-29-at-18.15.59.jpeg\" data-elementor-open-lightbox=\"yes\" data-elementor-lightbox-title=\"WhatsApp Image 2023-11-29 at 18.15.59\" data-e-action-hash=\"#elementor-action%3Aaction%3Dlightbox%26settings%3DeyJpZCI6NzAsInVybCI6Imh0dHBzOlwvXC9hdXRvbW9kZWxjbHViYW1wdWlzLmNvbVwvd3AtY29udGVudFwvdXBsb2Fkc1wvMjAyM1wvMTFcL1doYXRzQXBwLUltYWdlLTIwMjMtMTEtMjktYXQtMTguMTUuNTkuanBlZyJ9\">\n\t\t\t\t\t\t\t<img fetchpriority=\"high\" decoding=\"async\" width=\"960\" height=\"432\" src=\"https:\/\/automodelclubampuis.com\/wp-content\/uploads\/2023\/11\/WhatsApp-Image-2023-11-29-at-18.15.59-1024x461.jpeg\" class=\"attachment-large size-large wp-image-70\" alt=\"\" srcset=\"https:\/\/automodelclubampuis.com\/wp-content\/uploads\/2023\/11\/WhatsApp-Image-2023-11-29-at-18.15.59-1024x461.jpeg 1024w, https:\/\/automodelclubampuis.com\/wp-content\/uploads\/2023\/11\/WhatsApp-Image-2023-11-29-at-18.15.59-300x135.jpeg 300w, https:\/\/automodelclubampuis.com\/wp-content\/uploads\/2023\/11\/WhatsApp-Image-2023-11-29-at-18.15.59-768x346.jpeg 768w, https:\/\/automodelclubampuis.com\/wp-content\/uploads\/2023\/11\/WhatsApp-Image-2023-11-29-at-18.15.59-1536x691.jpeg 1536w, https:\/\/automodelclubampuis.com\/wp-content\/uploads\/2023\/11\/WhatsApp-Image-2023-11-29-at-18.15.59-1140x513.jpeg 1140w, https:\/\/automodelclubampuis.com\/wp-content\/uploads\/2023\/11\/WhatsApp-Image-2023-11-29-at-18.15.59.jpeg 1600w\" sizes=\"(max-width: 960px) 100vw, 960px\" \/>\t\t\t\t\t\t\t\t<\/a>\n\t\t\t\t\t\t\t\t\t\t\t\t\t\t\t<\/div>\n\t\t\t\t<\/div>\n\t\t\t\t\t<\/div>\n\t\t\t\t<\/div>\n\t\t<div class=\"elementor-element elementor-element-a657fa6 e-flex e-con-boxed e-con e-parent\" data-id=\"a657fa6\" data-element_type=\"container\" data-e-type=\"container\">\n\t\t\t\t\t<div class=\"e-con-inner\">\n\t\t\t\t<div class=\"elementor-element elementor-element-1a1400a elementor-widget elementor-widget-image\" data-id=\"1a1400a\" data-element_type=\"widget\" data-e-type=\"widget\" data-widget_type=\"image.default\">\n\t\t\t\t<div class=\"elementor-widget-container\">\n\t\t\t\t\t\t\t\t\t\t\t\t\t\t\t\t<a href=\"https:\/\/automodelclubampuis.com\/wp-content\/uploads\/2023\/11\/WhatsApp-Image-2023-11-29-at-18.14.35.jpeg\" data-elementor-open-lightbox=\"yes\" data-elementor-lightbox-title=\"WhatsApp Image 2023-11-29 at 18.14.35\" data-e-action-hash=\"#elementor-action%3Aaction%3Dlightbox%26settings%3DeyJpZCI6NzEsInVybCI6Imh0dHBzOlwvXC9hdXRvbW9kZWxjbHViYW1wdWlzLmNvbVwvd3AtY29udGVudFwvdXBsb2Fkc1wvMjAyM1wvMTFcL1doYXRzQXBwLUltYWdlLTIwMjMtMTEtMjktYXQtMTguMTQuMzUuanBlZyJ9\">\n\t\t\t\t\t\t\t<img decoding=\"async\" width=\"960\" height=\"576\" src=\"https:\/\/automodelclubampuis.com\/wp-content\/uploads\/2023\/11\/WhatsApp-Image-2023-11-29-at-18.14.35-1024x614.jpeg\" class=\"attachment-large size-large wp-image-71\" alt=\"\" srcset=\"https:\/\/automodelclubampuis.com\/wp-content\/uploads\/2023\/11\/WhatsApp-Image-2023-11-29-at-18.14.35-1024x614.jpeg 1024w, https:\/\/automodelclubampuis.com\/wp-content\/uploads\/2023\/11\/WhatsApp-Image-2023-11-29-at-18.14.35-300x180.jpeg 300w, https:\/\/automodelclubampuis.com\/wp-content\/uploads\/2023\/11\/WhatsApp-Image-2023-11-29-at-18.14.35-768x461.jpeg 768w, https:\/\/automodelclubampuis.com\/wp-content\/uploads\/2023\/11\/WhatsApp-Image-2023-11-29-at-18.14.35-1140x684.jpeg 1140w, https:\/\/automodelclubampuis.com\/wp-content\/uploads\/2023\/11\/WhatsApp-Image-2023-11-29-at-18.14.35.jpeg 1500w\" sizes=\"(max-width: 960px) 100vw, 960px\" \/>\t\t\t\t\t\t\t\t<\/a>\n\t\t\t\t\t\t\t\t\t\t\t\t\t\t\t<\/div>\n\t\t\t\t<\/div>\n\t\t\t\t\t<\/div>\n\t\t\t\t<\/div>\n\t\t\t\t<\/div>\n\t\t","protected":false},"excerpt":{"rendered":"<p>L&rsquo;Auto Model Club a \u00e9t\u00e9 fond\u00e9 en f\u00e9vrier 1983 par un petit groupe de passionn\u00e9s de mod\u00e9lisme. Le club est situ\u00e9 au pied du barrage hydro\u00e9lectrique de Reventin-Vaugris, sur la rive droite du Rh\u00f4ne. Notre piste est largement reconnue comme l&rsquo;une des plus belles de France en raison de la qualit\u00e9 de ses installations. Le circuit s&rsquo;\u00e9tend sur une longueur totale de 306 m\u00e8tres, offrant une diversit\u00e9 de d\u00e9fis (le rev\u00eatement a \u00e9t\u00e9 refait en \u00e9t\u00e9 1999). Des stands couverts sont disponibles pour accueillir plus de 100 pilotes, avec toutes les commodit\u00e9s n\u00e9cessaires telles que l&rsquo;eau, l&rsquo;\u00e9lectricit\u00e9 et un compresseur. De plus, un restaurant dot\u00e9 d&rsquo;une terrasse couverte (construite fin 1999) permet de restaurer tous les participants et spectateurs lors des journ\u00e9es de courses. Depuis la saison 2012, l&rsquo;AMCA est \u00e9quip\u00e9 d&rsquo;un syst\u00e8me de chronom\u00e9trage permanent sur la piste de Chavaillon. Les membres du club sont toujours disponibles pour r\u00e9pondre \u00e0 vos questions. N&rsquo;h\u00e9sitez pas \u00e0 venir nous rencontrer sur notre piste et \u00e0 d\u00e9couvrir la passion qui nous anime ! Avec l&rsquo;accord des membres du bureau, il est \u00e9galement possible de venir effectuer un essai sur notre circuit.<\/p>\n","protected":false},"author":1,"featured_media":0,"parent":0,"menu_order":0,"comment_status":"closed","ping_status":"closed","template":"","meta":{"footnotes":""},"class_list":["post-59","page","type-page","status-publish","hentry"],"jetpack_sharing_enabled":true,"_links":{"self":[{"href":"https:\/\/automodelclubampuis.com\/index.php?rest_route=\/wp\/v2\/pages\/59","targetHints":{"allow":["GET"]}}],"collection":[{"href":"https:\/\/automodelclubampuis.com\/index.php?rest_route=\/wp\/v2\/pages"}],"about":[{"href":"https:\/\/automodelclubampuis.com\/index.php?rest_route=\/wp\/v2\/types\/page"}],"author":[{"embeddable":true,"href":"https:\/\/automodelclubampuis.com\/index.php?rest_route=\/wp\/v2\/users\/1"}],"replies":[{"embeddable":true,"href":"https:\/\/automodelclubampuis.com\/index.php?rest_route=%2Fwp%2Fv2%2Fcomments&post=59"}],"version-history":[{"count":11,"href":"https:\/\/automodelclubampuis.com\/index.php?rest_route=\/wp\/v2\/pages\/59\/revisions"}],"predecessor-version":[{"id":124,"href":"https:\/\/automodelclubampuis.com\/index.php?rest_route=\/wp\/v2\/pages\/59\/revisions\/124"}],"wp:attachment":[{"href":"https:\/\/automodelclubampuis.com\/index.php?rest_route=%2Fwp%2Fv2%2Fmedia&parent=59"}],"curies":[{"name":"wp","href":"https:\/\/api.w.org\/{rel}","templated":true}]}}